{"id":38,"date":"2016-02-25T01:48:14","date_gmt":"2016-02-25T01:48:14","guid":{"rendered":"https:\/\/supercamp.ca\/safety-and-supervision\/?lang=fr"},"modified":"2024-01-28T22:13:32","modified_gmt":"2024-01-29T03:13:32","slug":"sante-et-securite","status":"publish","type":"page","link":"https:\/\/supercamp.ca\/fr\/sante-et-securite\/","title":{"rendered":"Sant\u00e9 et s\u00e9curit\u00e9 au Supercamp"},"content":{"rendered":"<p>[vc_row][vc_column][vc_column_text]<\/p>\n<h3><strong>Formations<\/strong><\/h3>\n<hr \/>\n<p>Avant le d\u00e9but du camp, chaque animateur re\u00e7oit au min. 40 heures de formation. Cette pr\u00e9paration permet d&rsquo;\u00eatre au fait des conditions n\u00e9cessaires \u00e0 la s\u00e9curit\u00e9 des jeunes. En formation, nous abordons un bon nombre de sujets. Les interventions aupr\u00e8s des enfants, la pr\u00e9vention des blessures, la psychologie du comportement et l\u2019animation en sont quelques exemples.<\/p>\n<p>Tous les employ\u00e9s du\u00a0Supercamp doivent obtenir leur certification en premiers soins avant la premi\u00e8re semaine d\u2019activit\u00e9s.<\/p>\n<h3><strong>Notre \u00e9quipe<\/strong><\/h3>\n<hr \/>\n<p>Le Supercamp, c&rsquo;est plus de 60 employ\u00e9s d\u00e9di\u00e9s pr\u00eats \u00e0 tout pour que votre enfant passe un \u00e9t\u00e9 m\u00e9morable! Nos animateurs form\u00e9s, pr\u00e9par\u00e9s et dynamiques sont certains de vous embarquer pour un merveilleux \u00e9t\u00e9!<\/p>\n<p>Cette \u00e9quipe comprend 3 coordinateurs sur place, 1 coordinateur logistique, un assistant administratif et la directrice.<\/p>\n<p>&nbsp;<\/p>\n<h3><strong>S\u00e9curit\u00e9 et ratios<\/strong><\/h3>\n<hr \/>\n<p>nous suivons un ratio strict comme suit :<\/p>\n<div id=\"gtx-trans\" style=\"position: absolute; left: 520px; top: 464.538px;\">\n<div class=\"gtx-trans-icon\"><\/div>\n<\/div>\n<p>[\/vc_column_text][\/vc_column][\/vc_row][vc_row][vc_column][vc_column_text]<\/p>\n<div class=\"wpb_text_column wpb_content_element \">\n<div class=\"wpb_wrapper\">\n<table style=\"height: 165px;\" width=\"504\">\n<thead>\n<tr>\n<th style=\"text-align: left;\">Groupe d\u2019\u00e2ge<\/th>\n<th style=\"text-align: left;\">Ratio au camp<\/th>\n<th style=\"text-align: left;\">Ratio\u00a0en milieu aquatique<\/th>\n<\/tr>\n<\/thead>\n<tbody>\n<tr>\n<td style=\"text-align: left;\"><strong>4 \u00e0 5 ans<\/strong><\/td>\n<td style=\"text-align: left;\">8 enfants par animateur<\/td>\n<td style=\"text-align: left;\">6 enfants par animateur<\/td>\n<\/tr>\n<tr>\n<td style=\"text-align: left;\"><strong>6 \u00e0 7 ans<\/strong><\/td>\n<td style=\"text-align: left;\">12 enfants par animateur<\/td>\n<td style=\"text-align: left;\">10 enfants par animateur<\/td>\n<\/tr>\n<tr>\n<td style=\"text-align: left;\"><strong> 8 \u00e0 9 ans<\/strong><\/td>\n<td style=\"text-align: left;\">12 enfants par animateur<\/td>\n<td style=\"text-align: left;\">10 enfants par animateur<\/td>\n<\/tr>\n<tr>\n<td style=\"text-align: left;\"><strong>10 \u00e0 12 ans<\/strong><\/td>\n<td style=\"text-align: left;\">12 enfants par animateur<\/td>\n<td style=\"text-align: left;\">10 enfants par animateur<\/td>\n<\/tr>\n<\/tbody>\n<\/table>\n<p style=\"text-align: left;\">\n<\/div>\n<\/div>\n<div class=\"clearfix\" style=\"height: 0px;\"><\/div>\n<p>[\/vc_column_text][\/vc_column][\/vc_row][vc_row][vc_column][vc_column_text]<\/p>\n<h2>Sant\u00e9 et allergies<\/h2>\n<p>Si votre enfant a une allergie grave, nous vous demandons de fournir deux auto-injecteurs d\u2019\u00e9pin\u00e9phrine (Epipen\u00ae). Un que votre enfant conservera sur lui; un second pour son animateur. Le parent doit indiquer toute allergie sur la fiche-sant\u00e9 du formulaire d\u2019inscription du participant. Nous conseillons aux parents de remettre personnellement l\u2019auto-injecteur d\u2019\u00e9pin\u00e9phrine, identifi\u00e9 au nom de l\u2019enfant, \u00e0 un membre de l\u2019\u00e9quipe de coordination le premier matin o\u00f9 votre enfant participera au camp.<\/p>\n<p>Si votre enfant doit prendre des m\u00e9dicaments durant la journ\u00e9e vous devez nous en avertir en remplissant notre formulaire <a href=\"https:\/\/supercamp.ca\/wp-content\/uploads\/2016\/02\/Demande_distribution_Medicaments_VSC2021-28.pdf\">d&rsquo;Authorisation d&rsquo;administration de m\u00e9dicaments <\/a>aussi disponible aupr\u00e8s de notre personnel administratif. Vous devez \u00e9galement l&rsquo;inscrire au dossier de votre enfant lors de son inscription. Les m\u00e9dicaments devront \u00eatre remis \u00e0 un membre de l\u2019\u00e9quipe de coordination \u00e0 l\u2019arriv\u00e9e de l\u2019enfant. Les m\u00e9dicaments seront alors mis sous cl\u00e9 et donn\u00e9s\/administr\u00e9s \u00e0 l\u2019enfant \u00e0 l\u2019heure convenue.<\/p>\n<p>Aucun enfant ayant des sympt\u00f4mes de maladie contagieuse (fi\u00e8vre, maux de ventre, naus\u00e9es, toux, difficult\u00e9s \u00e0 respirer, perte du sens du go\u00fbt ou de l&rsquo;odorat, etc.) ne peut \u00eatre admis au camp. Aucun enfant sur lequel serait d\u00e9couvert des poux ou des lentes ne peut \u00eatre admis au camp. Si une telle situation \u00e9tait d\u00e9couverte au camp, les parents seraient contact\u00e9s et devraient venir chercher l\u2019enfant imm\u00e9diatement.<\/p>\n<p>&nbsp;<\/p>\n<h5><strong>AVERTISSMENT: Allergies<\/strong><\/h5>\n<p>Comme certains enfants qui fr\u00e9quentent le camp pendant l&rsquo;\u00e9t\u00e9 souffrent d&rsquo;allergies s\u00e9v\u00e8res, nous demandons votre collaboration pour que les repas et collations de votre enfant ne contiennent aucune trace ni d\u2019arachides, ni de noix, ni de s\u00e9sames.[\/vc_column_text][\/vc_column][\/vc_row]<\/p>\n","protected":false},"excerpt":{"rendered":"<p>[vc_row][vc_column][vc_column_text] Formations Avant le d\u00e9but du camp, chaque animateur re\u00e7oit au min. 40 heures de formation. Cette pr\u00e9paration permet d&rsquo;\u00eatre au fait des conditions n\u00e9cessaires \u00e0 la s\u00e9curit\u00e9 des jeunes. En formation, nous abordons un bon nombre de sujets. Les interventions aupr\u00e8s des enfants, la pr\u00e9vention des blessures, la psychologie du comportement et l\u2019animation en [&#8230;]<\/p>\n","protected":false},"author":2,"featured_media":2075,"parent":0,"menu_order":0,"comment_status":"closed","ping_status":"closed","template":"","meta":[],"yoast_head":"<!-- This site is optimized with the Yoast SEO plugin v15.3 - https:\/\/yoast.com\/wordpress\/plugins\/seo\/ -->\n<title>La sant\u00e9 et s\u00e9curit\u00e9 au Supercamp, c&#039;est notre priorit\u00e9!<\/title>\n<meta name=\"description\" content=\"Le Supercamp s&#039;adapte continuellment afin de rencontrer et m\u00eame d&#039;exc\u00e9der les mesures pr\u00e9ventives contre la COVID-19 !\" \/>\n<meta name=\"robots\" content=\"index, follow, max-snippet:-1, max-image-preview:large, max-video-preview:-1\" \/>\n<link rel=\"canonical\" href=\"https:\/\/supercamp.ca\/fr\/sante-et-securite\/\" \/>\n<meta property=\"og:locale\" content=\"fr_FR\" \/>\n<meta property=\"og:type\" content=\"article\" \/>\n<meta property=\"og:title\" content=\"La sant\u00e9 et s\u00e9curit\u00e9 au Supercamp, c&#039;est notre priorit\u00e9!\" \/>\n<meta property=\"og:description\" content=\"Le Supercamp s&#039;adapte continuellment afin de rencontrer et m\u00eame d&#039;exc\u00e9der les mesures pr\u00e9ventives contre la COVID-19 !\" \/>\n<meta property=\"og:url\" content=\"https:\/\/supercamp.ca\/fr\/sante-et-securite\/\" \/>\n<meta property=\"og:site_name\" content=\"Supercamp\" \/>\n<meta property=\"article:modified_time\" content=\"2024-01-29T03:13:32+00:00\" \/>\n<meta property=\"og:image\" content=\"https:\/\/supercamp.ca\/wp-content\/uploads\/2019\/03\/supercamp-2019.jpg\" \/>\n\t<meta property=\"og:image:width\" content=\"1200\" \/>\n\t<meta property=\"og:image:height\" content=\"630\" \/>\n<meta name=\"twitter:card\" content=\"summary\" \/>\n<meta name=\"twitter:label1\" content=\"\u00c9crit par\">\n\t<meta name=\"twitter:data1\" content=\"Supercamp Editor\">\n\t<meta name=\"twitter:label2\" content=\"Dur\u00e9e de lecture est.\">\n\t<meta name=\"twitter:data2\" content=\"2 minutes\">\n<script type=\"application\/ld+json\" class=\"yoast-schema-graph\">{\"@context\":\"https:\/\/schema.org\",\"@graph\":[{\"@type\":\"WebSite\",\"@id\":\"https:\/\/supercamp.ca\/#website\",\"url\":\"https:\/\/supercamp.ca\/\",\"name\":\"Supercamp\",\"description\":\"\",\"potentialAction\":[{\"@type\":\"SearchAction\",\"target\":\"https:\/\/supercamp.ca\/?s={search_term_string}\",\"query-input\":\"required name=search_term_string\"}],\"inLanguage\":\"fr-FR\"},{\"@type\":\"ImageObject\",\"@id\":\"https:\/\/supercamp.ca\/fr\/sante-et-securite\/#primaryimage\",\"inLanguage\":\"fr-FR\",\"url\":\"https:\/\/supercamp.ca\/wp-content\/uploads\/2019\/03\/supercamp-2019.jpg\",\"width\":1200,\"height\":630,\"caption\":\"Contact the Supercamp for more information! You can reach us by phone, email, Facebook messaging or even Instagram if you are a current client!\"},{\"@type\":\"WebPage\",\"@id\":\"https:\/\/supercamp.ca\/fr\/sante-et-securite\/#webpage\",\"url\":\"https:\/\/supercamp.ca\/fr\/sante-et-securite\/\",\"name\":\"La sant\\u00e9 et s\\u00e9curit\\u00e9 au Supercamp, c'est notre priorit\\u00e9!\",\"isPartOf\":{\"@id\":\"https:\/\/supercamp.ca\/#website\"},\"primaryImageOfPage\":{\"@id\":\"https:\/\/supercamp.ca\/fr\/sante-et-securite\/#primaryimage\"},\"datePublished\":\"2016-02-25T01:48:14+00:00\",\"dateModified\":\"2024-01-29T03:13:32+00:00\",\"description\":\"Le Supercamp s'adapte continuellment afin de rencontrer et m\\u00eame d'exc\\u00e9der les mesures pr\\u00e9ventives contre la COVID-19 !\",\"inLanguage\":\"fr-FR\",\"potentialAction\":[{\"@type\":\"ReadAction\",\"target\":[\"https:\/\/supercamp.ca\/fr\/sante-et-securite\/\"]}]}]}<\/script>\n<!-- \/ Yoast SEO plugin. -->","_links":{"self":[{"href":"https:\/\/supercamp.ca\/fr\/wp-json\/wp\/v2\/pages\/38\/"}],"collection":[{"href":"https:\/\/supercamp.ca\/fr\/wp-json\/wp\/v2\/pages\/"}],"about":[{"href":"https:\/\/supercamp.ca\/fr\/wp-json\/wp\/v2\/types\/page\/"}],"author":[{"embeddable":true,"href":"https:\/\/supercamp.ca\/fr\/wp-json\/wp\/v2\/users\/2\/"}],"replies":[{"embeddable":true,"href":"https:\/\/supercamp.ca\/fr\/wp-json\/wp\/v2\/comments\/?post=38"}],"version-history":[{"count":48,"href":"https:\/\/supercamp.ca\/fr\/wp-json\/wp\/v2\/pages\/38\/revisions\/"}],"predecessor-version":[{"id":3384,"href":"https:\/\/supercamp.ca\/fr\/wp-json\/wp\/v2\/pages\/38\/revisions\/3384\/"}],"wp:featuredmedia":[{"embeddable":true,"href":"https:\/\/supercamp.ca\/fr\/wp-json\/wp\/v2\/media\/2075\/"}],"wp:attachment":[{"href":"https:\/\/supercamp.ca\/fr\/wp-json\/wp\/v2\/media\/?parent=38"}],"curies":[{"name":"wp","href":"https:\/\/api.w.org\/{rel}","templated":true}]}}