{"id":1713,"date":"2019-01-02T19:22:46","date_gmt":"2019-01-02T19:22:46","guid":{"rendered":"https:\/\/supercamp.ca\/?page_id=1713"},"modified":"2023-04-11T23:42:34","modified_gmt":"2023-04-12T03:42:34","slug":"programme-immersion-en-anglais","status":"publish","type":"page","link":"https:\/\/supercamp.ca\/fr\/programme-immersion-en-anglais\/","title":{"rendered":"Programme d&rsquo;immersion"},"content":{"rendered":"<p><a href=\"https:\/\/supercamp.ca\/fr\/programme-immersion-en-anglais\/shutterstock_151703984-2\/\" rel=\"attachment wp-att-2044\"><img loading=\"lazy\" class=\" wp-image-2044\" src=\"https:\/\/supercamp.ca\/wp-content\/uploads\/2019\/02\/shutterstock_151703984-450x292.jpg\" alt=\"English Immersion Program - Programme d'immersion en anglais\" width=\"1009\" height=\"656\" srcset=\"https:\/\/supercamp.ca\/wp-content\/uploads\/2019\/02\/shutterstock_151703984-450x292.jpg 450w, https:\/\/supercamp.ca\/wp-content\/uploads\/2019\/02\/shutterstock_151703984-768x498.jpg 768w, https:\/\/supercamp.ca\/wp-content\/uploads\/2019\/02\/shutterstock_151703984-700x454.jpg 700w, https:\/\/supercamp.ca\/wp-content\/uploads\/2019\/02\/shutterstock_151703984-250x162.jpg 250w, https:\/\/supercamp.ca\/wp-content\/uploads\/2019\/02\/shutterstock_151703984-512x332.jpg 512w\" sizes=\"(max-width: 1009px) 100vw, 1009px\" \/><\/a><\/p>\n<h6 style=\"width: 175px;\"><a style=\"color: #ffffff; background: #46aaf8 url('https:\/\/app.amilia.com\/buttons\/lock.png') no-repeat 10px 10px; border-radius: 2px; font: bold 13px\/16px arial; text-indent: 0; height: 40px; width: 175px; text-decoration: none; position: relative; display: table; *display: inline-block;\" href=\"https:\/\/www.amilia.com\/o\/2852\/supercamp-vanier\" target=\"_blank\" rel=\"noopener noreferrer\"><span style=\"display: table-cell; *position: absolute; *top: 50%; vertical-align: middle; *width: 175px;\"><span style=\"display: block; *position: relative; *top: -50%; padding-left: 45px;\">Inscription<\/span><\/span><\/a><span style=\"display: block; text-align: right; padding: 2px 4px 0 0; color: #696969; font: 11px\/15px arial;\">powered by <a style=\"color: #696969;\" href=\"https:\/\/www.amilia.com\/en\" target=\"_blank\" rel=\"noopener noreferrer\">Amilia.com<\/a><\/span><\/h6>\n<h4><\/h4>\n<h3><strong>Programme d&rsquo;immersion en anglais\u00a0<\/strong><\/h3>\n<p>Supercamp offre un programme d&rsquo;immersion en anglais avec des instructeurs de programmes d&rsquo;anglais langue seconde (<em>ESL<\/em>). Ce programme pour d\u00e9butants s&rsquo;adresse aux jeunes de 4 \u00e0 12 ans ayant peu ou aucune connaissance de l&rsquo;anglais.<\/p>\n<p>Chaque semaine, les jeunes participeront \u00e0 plus de 10 heures de cours d&rsquo;anglais. Tous nos programmes sont offerts par des instructeurs comp\u00e9tents et bien form\u00e9s, assurant ainsi que chaque enfant ait la chance d&rsquo;am\u00e9liorer son anglais. En immersion en anglais, les campeurs passeront 2 \u00e0 3 heures par jour en classe avec leur instructeur.<\/p>\n<p>Finalement, les campeurs auront aussi la chance de participer aux autres activit\u00e9s du Supercamp. Le reste de leurs journ\u00e9es, ils exploreront nos installations qui incluent une piscine, un terrain de soccer synth\u00e9tique, de grands espaces et terrains ext\u00e9rieurs et plus encore! De plus, ils participeront \u00e0 la c\u00e9l\u00e9bration du vendredi!<\/p>\n<p>&nbsp;<\/p>\n<p><strong>Journ\u00e9e typique en Immersion :<\/strong><\/p>\n<div class=\"wpb_text_column wpb_content_element \">\n<div class=\"wpb_wrapper\">\n<table style=\"height: 347px;\" width=\"295\">\n<tbody>\n<tr>\n<td style=\"text-align: center;\"><strong>Heure<\/strong><\/td>\n<td style=\"text-align: center;\"><strong>Activit\u00e9<\/strong><\/td>\n<\/tr>\n<tr>\n<td><strong>7h00 \u00e0 8h45<\/strong><\/td>\n<td>Service de garde<\/td>\n<\/tr>\n<tr>\n<td><strong>8h45 \u00e0 9h15<\/strong><\/td>\n<td>Arriv\u00e9e<\/td>\n<\/tr>\n<tr>\n<td><strong>9h15 \u00e0 10h00<\/strong><\/td>\n<td>Cours d&rsquo;anglais<\/td>\n<\/tr>\n<tr>\n<td><strong>10h05 \u00e0 10h55<\/strong><\/td>\n<td>Activit\u00e9 g\u00e9n\u00e9rale<\/td>\n<\/tr>\n<tr>\n<td><strong>11h00 \u00e0 11h50<\/strong><\/td>\n<td>Activit\u00e9 g\u00e9n\u00e9rale<\/td>\n<\/tr>\n<tr>\n<td><strong>11h55 \u00e0 12h40<\/strong><\/td>\n<td>D\u00eener<\/td>\n<\/tr>\n<tr>\n<td><strong>12h45 \u00e0 13h35<\/strong><\/td>\n<td>Activit\u00e9 g\u00e9n\u00e9rale<\/td>\n<\/tr>\n<tr>\n<td><strong>13h40 \u00e0 14h30<\/strong><\/td>\n<td>Cours d&rsquo;anglais<\/td>\n<\/tr>\n<tr>\n<td><strong>14h35 \u00e0 15h25<\/strong><\/td>\n<td>Activit\u00e9 g\u00e9n\u00e9rale<\/td>\n<\/tr>\n<tr>\n<td><strong>15h45 \u00e0 16h15<\/strong><\/td>\n<td>D\u00e9part<\/td>\n<\/tr>\n<tr>\n<td><strong>16h15 \u00e0 18h00<\/strong><\/td>\n<td>Service de garde<\/td>\n<\/tr>\n<\/tbody>\n<\/table>\n<\/div>\n<p>Pour plus d\u2019informations sur les autres programmes offerts, consultez le\u00a0<a href=\"https:\/\/supercamp.ca\/fr\/programme-multi\/\">Programme Multi<\/a>\u00a0, les <a href=\"https:\/\/supercamp.ca\/fr\/programmes-arts-et-sciences\/\">Programmes d&rsquo;arts et sciences<\/a> et les\u00a0<a href=\"https:\/\/supercamp.ca\/fr\/programmes-sportifs\/\">Programmes sportifs: les petits Cheetahs<\/a>.<\/p>\n<\/div>\n<div class=\"clearfix\" style=\"height: 0px;\"><\/div>\n","protected":false},"excerpt":{"rendered":"<p>Inscriptionpowered by Amilia.com Programme d&rsquo;immersion en anglais\u00a0 Supercamp offre un programme d&rsquo;immersion en anglais avec des instructeurs de programmes d&rsquo;anglais langue seconde (ESL). Ce programme pour d\u00e9butants s&rsquo;adresse aux jeunes de 4 \u00e0 12 ans ayant peu ou aucune connaissance de l&rsquo;anglais. Chaque semaine, les jeunes participeront \u00e0 plus de 10 heures de cours d&rsquo;anglais. [&#8230;]<\/p>\n","protected":false},"author":2,"featured_media":2075,"parent":0,"menu_order":0,"comment_status":"closed","ping_status":"closed","template":"","meta":[],"yoast_head":"<!-- This site is optimized with the Yoast SEO plugin v15.3 - https:\/\/yoast.com\/wordpress\/plugins\/seo\/ -->\n<title>Programme d&#039;immersion en anglais pour les jeunes de 5 \u00e0 12 ans<\/title>\n<meta name=\"description\" content=\"Avec plus de 12 heures de cours d&#039;anglais par semaine offerts par un graduant en enseignement de l&#039;anglais langue seconde, des jeunes de partout dans le monde auront la chance d&#039;apprendre et d&#039;am\u00e9liorer leur anglais. Notre programme d&#039;immersion en anglais s&#039;adresse aux jeunes de niveau d\u00e9butant de 5 \u00e0 12 ans.\" \/>\n<meta name=\"robots\" content=\"index, follow, max-snippet:-1, max-image-preview:large, max-video-preview:-1\" \/>\n<link rel=\"canonical\" href=\"https:\/\/supercamp.ca\/fr\/programme-immersion-en-anglais\/\" \/>\n<meta property=\"og:locale\" content=\"fr_FR\" \/>\n<meta property=\"og:type\" content=\"article\" \/>\n<meta property=\"og:title\" content=\"Programme d&#039;immersion en anglais pour les jeunes de 5 \u00e0 12 ans\" \/>\n<meta property=\"og:description\" content=\"Avec plus de 12 heures de cours d&#039;anglais par semaine offerts par un graduant en enseignement de l&#039;anglais langue seconde, des jeunes de partout dans le monde auront la chance d&#039;apprendre et d&#039;am\u00e9liorer leur anglais. Notre programme d&#039;immersion en anglais s&#039;adresse aux jeunes de niveau d\u00e9butant de 5 \u00e0 12 ans.\" \/>\n<meta property=\"og:url\" content=\"https:\/\/supercamp.ca\/fr\/programme-immersion-en-anglais\/\" \/>\n<meta property=\"og:site_name\" content=\"Supercamp\" \/>\n<meta property=\"article:modified_time\" content=\"2023-04-12T03:42:34+00:00\" \/>\n<meta property=\"og:image\" content=\"https:\/\/supercamp.ca\/wp-content\/uploads\/2019\/03\/supercamp-2019.jpg\" \/>\n\t<meta property=\"og:image:width\" content=\"1200\" \/>\n\t<meta property=\"og:image:height\" content=\"630\" \/>\n<meta name=\"twitter:card\" content=\"summary\" \/>\n<meta name=\"twitter:label1\" content=\"\u00c9crit par\">\n\t<meta name=\"twitter:data1\" content=\"Supercamp Editor\">\n\t<meta name=\"twitter:label2\" content=\"Dur\u00e9e de lecture est.\">\n\t<meta name=\"twitter:data2\" content=\"1 minute\">\n<script type=\"application\/ld+json\" class=\"yoast-schema-graph\">{\"@context\":\"https:\/\/schema.org\",\"@graph\":[{\"@type\":\"WebSite\",\"@id\":\"https:\/\/supercamp.ca\/#website\",\"url\":\"https:\/\/supercamp.ca\/\",\"name\":\"Supercamp\",\"description\":\"\",\"potentialAction\":[{\"@type\":\"SearchAction\",\"target\":\"https:\/\/supercamp.ca\/?s={search_term_string}\",\"query-input\":\"required name=search_term_string\"}],\"inLanguage\":\"fr-FR\"},{\"@type\":\"ImageObject\",\"@id\":\"https:\/\/supercamp.ca\/fr\/programme-immersion-en-anglais\/#primaryimage\",\"inLanguage\":\"fr-FR\",\"url\":\"https:\/\/supercamp.ca\/wp-content\/uploads\/2019\/03\/supercamp-2019.jpg\",\"width\":1200,\"height\":630,\"caption\":\"Contact the Supercamp for more information! You can reach us by phone, email, Facebook messaging or even Instagram if you are a current client!\"},{\"@type\":\"WebPage\",\"@id\":\"https:\/\/supercamp.ca\/fr\/programme-immersion-en-anglais\/#webpage\",\"url\":\"https:\/\/supercamp.ca\/fr\/programme-immersion-en-anglais\/\",\"name\":\"Programme d'immersion en anglais pour les jeunes de 5 \\u00e0 12 ans\",\"isPartOf\":{\"@id\":\"https:\/\/supercamp.ca\/#website\"},\"primaryImageOfPage\":{\"@id\":\"https:\/\/supercamp.ca\/fr\/programme-immersion-en-anglais\/#primaryimage\"},\"datePublished\":\"2019-01-02T19:22:46+00:00\",\"dateModified\":\"2023-04-12T03:42:34+00:00\",\"description\":\"Avec plus de 12 heures de cours d'anglais par semaine offerts par un graduant en enseignement de l'anglais langue seconde, des jeunes de partout dans le monde auront la chance d'apprendre et d'am\\u00e9liorer leur anglais. Notre programme d'immersion en anglais s'adresse aux jeunes de niveau d\\u00e9butant de 5 \\u00e0 12 ans.\",\"inLanguage\":\"fr-FR\",\"potentialAction\":[{\"@type\":\"ReadAction\",\"target\":[\"https:\/\/supercamp.ca\/fr\/programme-immersion-en-anglais\/\"]}]}]}<\/script>\n<!-- \/ Yoast SEO plugin. -->","_links":{"self":[{"href":"https:\/\/supercamp.ca\/fr\/wp-json\/wp\/v2\/pages\/1713\/"}],"collection":[{"href":"https:\/\/supercamp.ca\/fr\/wp-json\/wp\/v2\/pages\/"}],"about":[{"href":"https:\/\/supercamp.ca\/fr\/wp-json\/wp\/v2\/types\/page\/"}],"author":[{"embeddable":true,"href":"https:\/\/supercamp.ca\/fr\/wp-json\/wp\/v2\/users\/2\/"}],"replies":[{"embeddable":true,"href":"https:\/\/supercamp.ca\/fr\/wp-json\/wp\/v2\/comments\/?post=1713"}],"version-history":[{"count":36,"href":"https:\/\/supercamp.ca\/fr\/wp-json\/wp\/v2\/pages\/1713\/revisions\/"}],"predecessor-version":[{"id":3156,"href":"https:\/\/supercamp.ca\/fr\/wp-json\/wp\/v2\/pages\/1713\/revisions\/3156\/"}],"wp:featuredmedia":[{"embeddable":true,"href":"https:\/\/supercamp.ca\/fr\/wp-json\/wp\/v2\/media\/2075\/"}],"wp:attachment":[{"href":"https:\/\/supercamp.ca\/fr\/wp-json\/wp\/v2\/media\/?parent=1713"}],"curies":[{"name":"wp","href":"https:\/\/api.w.org\/{rel}","templated":true}]}}