{"id":162,"date":"2016-02-25T00:59:25","date_gmt":"2016-02-25T00:59:25","guid":{"rendered":"https:\/\/supercamp.ca\/fr\/educational-and-sports-oriented-day-camp\/"},"modified":"2026-03-03T17:51:33","modified_gmt":"2026-03-03T22:51:33","slug":"educational-and-sports-oriented-day-camp","status":"publish","type":"page","link":"https:\/\/supercamp.ca\/fr\/","title":{"rendered":"Camp de jour au C\u00e9gep Vanier \u00e0 Saint-Laurent"},"content":{"rendered":"<p>[vc_row][vc_column][vc_column_text]<\/p>\n<h6 style=\"width: 175px;\"><a style=\"color: #ffffff; background: #46aaf8 url('https:\/\/app.amilia.com\/buttons\/lock.png') no-repeat 10px 10px; border-radius: 2px; font: bold 13px\/16px arial; text-indent: 0; height: 40px; width: 175px; text-decoration: none; position: relative; display: table; *display: inline-block;\" href=\"https:\/\/www.amilia.com\/store\/en\/supercamp-vanier\/shop\/programs\" target=\"_blank\" rel=\"noopener noreferrer\"><span style=\"display: table-cell; *position: absolute; *top: 50%; vertical-align: middle; *width: 175px;\"><span style=\"display: block; *position: relative; *top: -50%; padding-left: 45px;\">Inscriptions en ligne<\/span><\/span><\/a><span style=\"display: block; text-align: right; padding: 2px 4px 0 0; color: #696969; font: 11px\/15px arial;\">propuls\u00e9 par <a style=\"color: #696969;\" href=\"https:\/\/www.amilia.com\/fr\" target=\"_blank\" rel=\"noopener noreferrer\">Amilia.com<\/a><\/span><\/h6>\n<h3><\/h3>\n<h3><\/h3>\n<h1>Nouvelles<\/h1>\n<hr \/>\n<h3><strong>Les inscriptions pour l\u2019\u00e9t\u00e9 2026 d\u00e9buteront en f\u00e9vrier!<\/strong><\/h3>\n<h3><\/h3>\n<h4><strong>S&rsquo;inscrire en ligne \u00e0 partir du 16 f\u00e9vrier 2026 <span class=\"a_GcMg font-feature-liga-off font-feature-clig-off font-feature-calt-off text-decoration-none text-strikethrough-none\">\u00e0 midi<\/span>!<\/strong><\/h4>\n<h3><\/h3>\n<h2><strong>FOLIE DE MARS: <\/strong>\u00c9conomisez 13% \u00e0 l&rsquo;inscription pour les semaines 1 et 2 !<\/h2>\n<p>Inscrivez-vous entre le <strong>lundi 16 mars et le vendredi 27 mars<\/strong> pour obtenir un <strong>rabais de 13%<\/strong> sur votre inscription pour les deux premi\u00e8res semaines de camp !<\/p>\n<p><strong>Semaine 1 :<\/strong> 22 juin &#8211; 26 juin (Ferm\u00e9 le mercredi 24 juin pour la Saint-Jean-Baptiste)<\/p>\n<p><strong>Semaine 2 :<\/strong> 29 juin &#8211; 3 juillet (Ferm\u00e9 le mercredi 1er juillet pour la f\u00eate du Canada)<\/p>\n<blockquote>\n<p><em>Avis de non-responsabilit\u00e9 : Des conditions s&rsquo;appliquent. Sous r\u00e9serve de disponibilit\u00e9. Ce rabais ne peut \u00eatre combin\u00e9 avec d&rsquo;autres rabais ou promotions. Ce rabais s&rsquo;applique uniquement aux nouvelles inscriptions. Ce rabais ne s&rsquo;applique plus s&rsquo;il y a un changement de programme ou un changement dans la semaine d&rsquo;inscription. Les remboursements dans le but de se r\u00e9inscrire ne seront pas accept\u00e9s.\u2003<\/em><\/p>\n<\/blockquote>\n<p>&nbsp;<\/p>\n<p><span style=\"font-weight: 400;\">Notre 2026 <\/span><a href=\"https:\/\/supercamp.ca\/wp-content\/uploads\/Pricing-Grid-2026.pdf\" target=\"_blank\" rel=\"noopener noreferrer\"><span style=\"font-weight: 400;\">grille de programmes et tarifs<\/span><\/a><span style=\"font-weight: 400;\"> est maintenant disponible, elle peut vous aider \u00e0 choisir entre nos nombreux programmes!<\/span><\/p>\n<p>Si vous avez des questions concernant l&rsquo;inscription, veuillez nous contacter via <a href=\"https:\/\/www.facebook.com\/supercampvaniercollege\/\" target=\"_blank\" rel=\"noopener noreferrer\">Facebook<\/a>, <a href=\"https:\/\/www.instagram.com\/supercampvanier\/\" target=\"_blank\" rel=\"noopener noreferrer\">Instagram<\/a>, ou en nous envoyant un courriel \u00e0 <a href=\"mailto:supercamp@vaniercollege.qc.ca\" target=\"_blank\" rel=\"noopener noreferrer\">supercamp@vaniercollege.qc.ca<\/a>.<\/p>\n<p>&nbsp;<\/p>\n<p>Si votre enfant \u00e0 des besoins speciaux, veuillez remplir le formulaire ci-dessous avant de vous inscrire. Vous serez contact\u00e9s sous peux apr\u00e8s la r\u00e9ception de votre formulaire.<\/p>\n<p>&nbsp;<\/p>\n<p>Veuillez notez que si votre enfants a des besoins sp\u00e9ciaux et que cela n&rsquo;est pas divulg\u00e9 avant votre inscription par r\u00e9ception de votre formulaire, votre inscirption ne sera pas valide.<\/p>\n<p>&nbsp;<\/p>\n<h3><span style=\"color: #000000;\">Supercamp sur <a style=\"color: #000000;\" href=\"https:\/\/www.facebook.com\/supercampvaniercollege\/\" target=\"_blank\" rel=\"noopener noreferrer\"><span style=\"color: #800000;\">Facebook<\/span><\/a>\u00a0et\u00a0<a href=\"https:\/\/www.instagram.com\/supercampvanier\/\" target=\"_blank\" rel=\"noopener noreferrer\">Instagram<\/a>!<\/span><\/h3>\n<h4><strong>Aimer, s&rsquo;abonner et donner son avis!<\/strong><\/h4>\n<p>Suivez-nous sur les r\u00e9seaux sociaux pour \u00eatre tenu au courant des derni\u00e8res nouvelles. N&rsquo;h\u00e9sitez pas \u00e0 nous donner votre avis et \u00e0 nous y contacter.[\/vc_column_text]<hr>[vc_column_text]<\/p>\n<h2><\/h2>\n<h2>\u00a0\u00c0 propos du Supercamp<\/h2>\n<hr \/>\n<p>Supercamp est un camp de jour offrant des programmes sportifs, artistiques et scientifiques pour les jeunes de 4 \u00e0 12 ans! Nos programmes donnent acc\u00e8s \u00e0 toutes les installations exceptionnelles du Complexe sportif du Coll\u00e8ge Vanier (liste ci-bas). Supercamp met l\u2019accent sur le plaisir et l\u2019apprentissage et sur le d\u00e9veloppement de l&rsquo;esprit d\u2019\u00e9quipe! Nos programmes inoubliables sont con\u00e7us pour favoriser le d\u00e9passement de soi et une meilleure confiance en soi.<\/p>\n<p>La merveilleuse \u00e9quipe du Supercamp est form\u00e9e selon les directives de l\u2019Association des camps du Qu\u00e9bec. Avec notre formation intensive, nous sommes toujours au fait des techniques d\u2019intervention et d\u2019animation les plus s\u00e9curitaires. Par ailleurs, tous les employ\u00e9s de Supercamp sont bilingues afin d\u2019assurer \u00e0 votre enfant l\u2019exp\u00e9rience la plus immersive possible. Ne manquez pas cette opportunit\u00e9 pour un \u00e9t\u00e9 spectaculaire et inscrivez-vous \u00e0 Supercamp d\u00e8s maintenant!<\/p>\n<h4><\/h4>\n<h4><\/h4>\n<h4><\/h4>\n<h4><\/h4>\n<p><strong>Nos installations :<\/strong><\/p>\n<ul>\n<li>Piscine int\u00e9rieure;<\/li>\n<li>Nouveau terrain de soccer synth\u00e9tique;<\/li>\n<li>3 grands gymnases;<\/li>\n<li>Une palestre;<\/li>\n<li>2 studios de danse;<\/li>\n<li>2 ateliers d&rsquo;art;<\/li>\n<li>Salles d\u2019ordinateurs;<\/li>\n<li>Laboratoire scientifique;<\/li>\n<li>Salle de musique;<\/li>\n<li>Grands terrains ext\u00e9rieurs pour diff\u00e9rents sports et activit\u00e9s.<\/li>\n<\/ul>\n<p>La palestre sert \u00e0 nos programmes et activit\u00e9s de gymnastique. Ils contiennent entre autre une poutre, des barres parall\u00e8les, un cheval d\u2019ar\u00e7ons et un trampoline (avec harnais de s\u00e9curit\u00e9). On y trouve aussi des matelas pour assurer la s\u00e9curit\u00e9 des campeurs.[\/vc_column_text][\/vc_column][\/vc_row][vc_row][vc_column][vc_column_text]<\/p>\n<h2>Documents \u00e0 t\u00e9l\u00e9charger<\/h2>\n<p>[\/vc_column_text][vc_column_text]<\/p>\n<hr \/>\n<h4 style=\"text-align: center;\"><span style=\"color: #800000;\"><a href=\"https:\/\/supercamp.ca\/wp-content\/uploads\/Supercamp-Special-Needs-form-2025_FR_1.pdf\" target=\"_blank\" rel=\"noopener noreferrer\">Formulaire de besoins sp\u00e9ciaux Supercamp<\/a><\/span><\/h4>\n<p>[\/vc_column_text][\/vc_column][\/vc_row][vc_row][vc_column]<hr>[vc_column_text]<\/p>\n<h2><\/h2>\n<p><strong>Association des camps du Qu\u00e9bec (ACQ)<\/strong><br \/>\nNous sommes un membre certifi\u00e9 de l\u2019Association des camps du Qu\u00e9bec (ACQ). L&rsquo;ACQ, c&rsquo;est plus de 60 normes qui \u00e9tablissent des exigences relatives \u00e0 la s\u00e9curit\u00e9, \u00e0 l\u2019encadrement, \u00e0 la programmation, \u00e0 l\u2019environnement et \u00e0 l\u2019alimentation.<\/p>\n<p>De plus, il sera de notre responsabilit\u00e9 de rester \u00e0 l\u2019aff\u00fbt des pratiques de l\u2019industrie de fa\u00e7on \u00e0 am\u00e9liorer constamment les services offerts aux campeurs en plus d&rsquo;assurer leur s\u00e9curit\u00e9.<a href=\"https:\/\/supercamp.ca\/?attachment_id=1355\"><img loading=\"lazy\" class=\"wp-image-1355 size-medium alignright\" src=\"https:\/\/supercamp.ca\/wp-content\/uploads\/2016\/02\/ACQ_CC-pleinNOIR-450x450.jpg\" alt=\"\" width=\"300\" height=\"300\" srcset=\"https:\/\/supercamp.ca\/wp-content\/uploads\/2016\/02\/ACQ_CC-pleinNOIR-450x450.jpg 450w, https:\/\/supercamp.ca\/wp-content\/uploads\/2016\/02\/ACQ_CC-pleinNOIR-150x150.jpg 150w, https:\/\/supercamp.ca\/wp-content\/uploads\/2016\/02\/ACQ_CC-pleinNOIR-768x768.jpg 768w, https:\/\/supercamp.ca\/wp-content\/uploads\/2016\/02\/ACQ_CC-pleinNOIR-700x700.jpg 700w, https:\/\/supercamp.ca\/wp-content\/uploads\/2016\/02\/ACQ_CC-pleinNOIR-250x250.jpg 250w, https:\/\/supercamp.ca\/wp-content\/uploads\/2016\/02\/ACQ_CC-pleinNOIR-120x120.jpg 120w, https:\/\/supercamp.ca\/wp-content\/uploads\/2016\/02\/ACQ_CC-pleinNOIR-512x512.jpg 512w, https:\/\/supercamp.ca\/wp-content\/uploads\/2016\/02\/ACQ_CC-pleinNOIR.jpg 1200w\" sizes=\"(max-width: 300px) 100vw, 300px\" \/><\/a>[\/vc_column_text][\/vc_column][\/vc_row]<\/p>\n","protected":false},"excerpt":{"rendered":"<p>[vc_row][vc_column][vc_column_text] Inscriptions en lignepropuls\u00e9 par Amilia.com Nouvelles Les inscriptions pour l\u2019\u00e9t\u00e9 2026 d\u00e9buteront en f\u00e9vrier! S&rsquo;inscrire en ligne \u00e0 partir du 16 f\u00e9vrier 2026 \u00e0 midi! FOLIE DE MARS: \u00c9conomisez 13% \u00e0 l&rsquo;inscription pour les semaines 1 et 2 ! Inscrivez-vous entre le lundi 16 mars et le vendredi 27 mars pour obtenir un rabais [&#8230;]<\/p>\n","protected":false},"author":2,"featured_media":2075,"parent":0,"menu_order":0,"comment_status":"closed","ping_status":"closed","template":"homepage.php","meta":[],"yoast_head":"<!-- This site is optimized with the Yoast SEO plugin v15.3 - https:\/\/yoast.com\/wordpress\/plugins\/seo\/ -->\n<title>Camp de jour au C\u00e9gep Vanier \u00e0 Saint-Laurent - Supercamp<\/title>\n<meta name=\"description\" content=\"Supercamp est un camp de jour ax\u00e9\u00a0 autant sur les activit\u00e9s sportives que culturelles o\u00f9 le plaisir et l\u2019apprentissage sont aux rendez-vous.\u00a0\u00a0\" \/>\n<meta name=\"robots\" content=\"index, follow, max-snippet:-1, max-image-preview:large, max-video-preview:-1\" \/>\n<link rel=\"canonical\" href=\"https:\/\/supercamp.ca\/fr\/\" \/>\n<meta property=\"og:locale\" content=\"fr_FR\" \/>\n<meta property=\"og:type\" content=\"article\" \/>\n<meta property=\"og:title\" content=\"Camp de jour au C\u00e9gep Vanier \u00e0 Saint-Laurent - Supercamp\" \/>\n<meta property=\"og:description\" content=\"Supercamp est un camp de jour ax\u00e9\u00a0 autant sur les activit\u00e9s sportives que culturelles o\u00f9 le plaisir et l\u2019apprentissage sont aux rendez-vous.\u00a0\u00a0\" \/>\n<meta property=\"og:url\" content=\"https:\/\/supercamp.ca\/fr\/\" \/>\n<meta property=\"og:site_name\" content=\"Supercamp\" \/>\n<meta property=\"article:modified_time\" content=\"2026-03-03T22:51:33+00:00\" \/>\n<meta property=\"og:image\" content=\"https:\/\/supercamp.ca\/wp-content\/uploads\/2019\/03\/supercamp-2019.jpg\" \/>\n\t<meta property=\"og:image:width\" content=\"1200\" \/>\n\t<meta property=\"og:image:height\" content=\"630\" \/>\n<meta name=\"twitter:card\" content=\"summary\" \/>\n<meta name=\"twitter:label1\" content=\"\u00c9crit par\">\n\t<meta name=\"twitter:data1\" content=\"Supercamp Editor\">\n\t<meta name=\"twitter:label2\" content=\"Dur\u00e9e de lecture est.\">\n\t<meta name=\"twitter:data2\" content=\"3 minutes\">\n<script type=\"application\/ld+json\" class=\"yoast-schema-graph\">{\"@context\":\"https:\/\/schema.org\",\"@graph\":[{\"@type\":\"WebSite\",\"@id\":\"https:\/\/supercamp.ca\/#website\",\"url\":\"https:\/\/supercamp.ca\/\",\"name\":\"Supercamp\",\"description\":\"\",\"potentialAction\":[{\"@type\":\"SearchAction\",\"target\":\"https:\/\/supercamp.ca\/?s={search_term_string}\",\"query-input\":\"required name=search_term_string\"}],\"inLanguage\":\"fr-FR\"},{\"@type\":\"ImageObject\",\"@id\":\"https:\/\/supercamp.ca\/fr\/#primaryimage\",\"inLanguage\":\"fr-FR\",\"url\":\"https:\/\/supercamp.ca\/wp-content\/uploads\/2019\/03\/supercamp-2019.jpg\",\"width\":1200,\"height\":630,\"caption\":\"Contact the Supercamp for more information! You can reach us by phone, email, Facebook messaging or even Instagram if you are a current client!\"},{\"@type\":\"WebPage\",\"@id\":\"https:\/\/supercamp.ca\/fr\/#webpage\",\"url\":\"https:\/\/supercamp.ca\/fr\/\",\"name\":\"Camp de jour au C\\u00e9gep Vanier \\u00e0 Saint-Laurent - Supercamp\",\"isPartOf\":{\"@id\":\"https:\/\/supercamp.ca\/#website\"},\"primaryImageOfPage\":{\"@id\":\"https:\/\/supercamp.ca\/fr\/#primaryimage\"},\"datePublished\":\"2016-02-25T00:59:25+00:00\",\"dateModified\":\"2026-03-03T22:51:33+00:00\",\"description\":\"Supercamp est un camp de jour ax\\u00e9\\u00a0 autant sur les activit\\u00e9s sportives que culturelles o\\u00f9 le plaisir et l\\u2019apprentissage sont aux rendez-vous.\\u00a0\\u00a0\",\"inLanguage\":\"fr-FR\",\"potentialAction\":[{\"@type\":\"ReadAction\",\"target\":[\"https:\/\/supercamp.ca\/fr\/\"]}]}]}<\/script>\n<!-- \/ Yoast SEO plugin. -->","_links":{"self":[{"href":"https:\/\/supercamp.ca\/fr\/wp-json\/wp\/v2\/pages\/162\/"}],"collection":[{"href":"https:\/\/supercamp.ca\/fr\/wp-json\/wp\/v2\/pages\/"}],"about":[{"href":"https:\/\/supercamp.ca\/fr\/wp-json\/wp\/v2\/types\/page\/"}],"author":[{"embeddable":true,"href":"https:\/\/supercamp.ca\/fr\/wp-json\/wp\/v2\/users\/2\/"}],"replies":[{"embeddable":true,"href":"https:\/\/supercamp.ca\/fr\/wp-json\/wp\/v2\/comments\/?post=162"}],"version-history":[{"count":292,"href":"https:\/\/supercamp.ca\/fr\/wp-json\/wp\/v2\/pages\/162\/revisions\/"}],"predecessor-version":[{"id":3527,"href":"https:\/\/supercamp.ca\/fr\/wp-json\/wp\/v2\/pages\/162\/revisions\/3527\/"}],"wp:featuredmedia":[{"embeddable":true,"href":"https:\/\/supercamp.ca\/fr\/wp-json\/wp\/v2\/media\/2075\/"}],"wp:attachment":[{"href":"https:\/\/supercamp.ca\/fr\/wp-json\/wp\/v2\/media\/?parent=162"}],"curies":[{"name":"wp","href":"https:\/\/api.w.org\/{rel}","templated":true}]}}