{"id":159,"date":"2016-02-25T05:36:15","date_gmt":"2016-02-25T05:36:15","guid":{"rendered":"https:\/\/supercamp.ca\/fr\/registration\/"},"modified":"2026-01-09T01:47:14","modified_gmt":"2026-01-09T06:47:14","slug":"inscriptions-en-ligne","status":"publish","type":"page","link":"https:\/\/supercamp.ca\/fr\/inscriptions-en-ligne\/","title":{"rendered":"Inscriptions"},"content":{"rendered":"<p>[vc_row][vc_column][vc_column_text]<\/p>\n<h2>Inscriptions en ligne<\/h2>\n<div style=\"width: 175px;\"><a style=\"color: #ffffff; background: #46aaf8 url('https:\/\/app.amilia.com\/buttons\/lock.png') no-repeat 10px 10px; border-radius: 2px; font: bold 13px\/16px arial; text-indent: 0; height: 40px; width: 175px; text-decoration: none; position: relative; display: table; *display: inline-block;\" href=\"https:\/\/www.amilia.com\/store\/en\/supercamp-vanier\/shop\/programs\" target=\"_blank\" rel=\"noopener noreferrer\"><span style=\"display: table-cell; *position: absolute; *top: 50%; vertical-align: middle; *width: 175px;\"><span style=\"display: block; *position: relative; *top: -50%; padding-left: 15px;\">Inscriptions en ligne<\/span><\/span><\/a><span style=\"display: block; text-align: right; padding: 2px 4px 0 0; color: #696969; font: 11px\/15px arial;\">propuls\u00e9 par <a style=\"color: #696969;\" href=\"https:\/\/www.amilia.com\/fr\" target=\"_blank\" rel=\"noopener noreferrer\">Amilia.com<\/a><\/span><\/div>\n<p style=\"text-align: justify; margin-top: 20px;\">En cliquant sur ce lien vous\u00a0serez\u00a0redirig\u00e9 sur <a href=\"https:\/\/www.amilia.com\/fr\" target=\"_blank\" rel=\"noopener noreferrer\">Amilia.com<\/a>, notre plateforme d\u2019inscriptions en ligne. Nous vous invitons \u00e0 vous cr\u00e9er un compte d\u2019utilisateur afin d\u2019inscrire vos enfants.<\/p>\n<div class=\"wpb_text_column wpb_content_element \">\n<div class=\"wpb_wrapper\">\n<p>&nbsp;<\/p>\n<\/div>\n<\/div>\n<div class=\"wpb_text_column wpb_content_element \">\n<div class=\"wpb_wrapper\"><\/div>\n<\/div>\n<p><span style=\"font-weight: 400;\">Fiez-vous \u00e0 notre <\/span><a href=\"https:\/\/supercamp.ca\/wp-content\/uploads\/Pricing-Grid-2026.pdf\" target=\"_blank\" rel=\"noopener noreferrer\"><span style=\"font-weight: 400;\">2026 Grille des programmes et tarifs<\/span><\/a><span style=\"font-weight: 400;\"> pour vous aider \u00e0 faire vos choix!<\/span>[\/vc_column_text][vc_column_text]<\/p>\n<h2 style=\"text-align: justify;\">Paiement<\/h2>\n<p style=\"text-align: justify;\">Veuillez noter que les places sont limit\u00e9es ainsi le fonctionnement des incriptions demeure : <strong>Premier arriv\u00e9, premier servi<\/strong>.<\/p>\n<p>Nous sommes fiers de vous offrir r\u00e9guli\u00e8rement des rabais sur nos programmes. Notez que nous appliquons uniquement le rabais le plus \u00e9conomique pour vous \u00e0 vos factures.<\/p>\n<p>&nbsp;<\/p>\n<h2>Listes d&rsquo;attente<\/h2>\n<p style=\"text-align: justify;\">Le programme auquel vous d\u00e9siriez inscrire votre enfant est d\u00e9j\u00e0 complet? Vous pouvez vous inscrire \u00e0 la liste d&rsquo;attente de ce programme!<\/p>\n<p>Ainsi, si une place se lib\u00e8re vous serez notifi\u00e9s par courriel que la place vous est r\u00e9serv\u00e9e pendant une heure. L&rsquo;ordre de priorit\u00e9 dans lequel chacun est notifi\u00e9 est celui dans lequel chacun s&rsquo;est inscrit \u00e0 la liste d&rsquo;attente en question.<\/p>\n<p>Cette place vous est r\u00e9serv\u00e9e pour une heure seulement. <strong>Durant cette heure, vous devrez proc\u00e9der \u00e0 l&rsquo;inscription de votre enfant, faute de quoi vous perdrez votre priorit\u00e9 et une notification par courriel sera envoy\u00e9e \u00e0 la personne suivante.\u00a0<\/strong><\/p>\n<h2 style=\"margin-top: 40px;\">Politique de remboursement<\/h2>\n<p>Toute demande de remboursement doit \u00eatre adress\u00e9e par \u00e9crit. Veuillez remplir notre formulaire de demande de remboursement et nous vous r\u00e9pondrons dans les plus brefs d\u00e9lais. Vous pouvez le faire par courriel ou en personne. Sachez \u00e9galement que nous ne remboursons que les semaines compl\u00e8tes. Pour pouvoir b\u00e9n\u00e9ficier d&rsquo;un remboursement, le formulaire de demande de remboursement doit \u00eatre re\u00e7u au moins 7 jours avant le d\u00e9but de l&rsquo;activit\u00e9 ou des activit\u00e9s que vous souhaitez annuler. Les remboursements seront effectu\u00e9s dans les 30 jours ouvrables suivant la r\u00e9ception du formulaire, directement sur votre carte de cr\u00e9dit ou par ch\u00e8que. Veuillez noter que des frais administratifs de 10 % seront factur\u00e9s pour toutes les annulations, \u00e0 moins qu&rsquo;un certificat m\u00e9dical ne soit fourni.<\/p>\n<p style=\"text-align: justify;\">Pour toute situation particuli\u00e8re ou m\u00e9dicale, n&rsquo;h\u00e9sitez pas \u00e0 nous contacter par courriel.<\/p>\n<p>Veuillez noter <strong>qu&rsquo;aucun remboursement<\/strong> ne sera effectu\u00e9 une fois que votre enfant aura particip\u00e9 au Supercamp pour la semaine en question.<\/p>\n<h2 style=\"margin-top: 40px;\">Informations importantes<\/h2>\n<p>Si votre enfant pr\u00e9sente des besoins particuliers, un <a href=\"https:\/\/supercamp.ca\/wp-content\/uploads\/Supercamp-Special-Needs-form-2025_FR_1.pdf\" target=\"_blank\" rel=\"noopener noreferrer\">formulaire<\/a> <strong>devrait<\/strong> \u00eatre remplie avant le d\u00e9but du camp. Si vous ne communiquez pas au camp les informations pertinentes pour la s\u00e9curit\u00e9 de votre enfant, votre inscription au Supercamp pourrait \u00eatre annul\u00e9e. Une fois le formulaire rempli, envoyez-le par courriel \u00e0 supercamp@vaniercollege.qc.ca. Votre formulaire sera \u00e9valu\u00e9 et examin\u00e9, et une r\u00e9union sera organis\u00e9e pour une \u00e9valuation plus approfondie si n\u00e9cessaire et si le camp est en mesure de r\u00e9pondre aux besoins requis.<\/p>\n<div class=\"html-div xdj266r x14z9mp xat24cr x1lziwak xexx8yu xyri2b x18d9i69 x1c1uobl x6ikm8r x10wlt62\">\n<div class=\"html-div xdj266r x14z9mp xat24cr x1lziwak x14ctfv x13sv91t x6ikm8r x10wlt62 xerhiuh x1pn3fxy x10zy8in xm9bcq3 x1n2onr6 x1vjfegm x1k4qllp x1mzt3pk x13faqbe x1xr0vuk x1jm4cbz x114wg8e xrrpcnn x14rx4xb x13fuv20 x18b5jzi x1q0q8m5 x1t7ytsu x19livfd x1h2krnu x3p3xfz xet2kk3 xaymx6s x1lu5o8o x1ou5ly4 xofb2d2\" role=\"presentation\">\n<div class=\"html-div xexx8yu xyri2b x18d9i69 x1c1uobl x1gslohp x14z9mp x12nagc x1lziwak x1yc453h x126k92a x18lvrbx\" dir=\"auto\">\n<div class=\"html-div xdj266r x14z9mp xat24cr x1lziwak xexx8yu xyri2b x18d9i69 x1c1uobl x6ikm8r x10wlt62\">\n<div class=\"html-div xdj266r x14z9mp xat24cr x1lziwak x14ctfv x13sv91t x6ikm8r x10wlt62 xerhiuh x1pn3fxy x10zy8in xm9bcq3 x1n2onr6 x1vjfegm x1k4qllp x1mzt3pk x13faqbe x1xr0vuk x1jm4cbz x114wg8e xrrpcnn x14rx4xb x13fuv20 x18b5jzi x1q0q8m5 x1t7ytsu x19livfd x1h2krnu x3p3xfz xet2kk3 xaymx6s x1lu5o8o x1ou5ly4 xofb2d2\" role=\"presentation\">\n<div class=\"html-div xexx8yu xyri2b x18d9i69 x1c1uobl x1gslohp x14z9mp x12nagc x1lziwak x1yc453h x126k92a x18lvrbx\" dir=\"auto\">Si vous avez d\u00e9j\u00e0 trouv\u00e9 un accompagnateur pour votre enfant, veuillez l&rsquo;indiquer dans votre formulaire, car une v\u00e9rification des ant\u00e9c\u00e9dents judiciaires doit \u00eatre effectu\u00e9e.<\/div>\n<\/div>\n<\/div>\n<\/div>\n<\/div>\n<\/div>\n<div id=\"gtx-trans\" style=\"position: absolute; left: 548px; top: 573.531px;\">\n<div class=\"gtx-trans-icon\"><\/div>\n<\/div>\n<p>Tous les programmes peuvent \u00eatre annul\u00e9s avant le d\u00e9but de la semaine (\u00e0 laquelle vous vous \u00eates inscrit) en raison d&rsquo;un nombre insuffisant d&rsquo;inscriptions. S&rsquo;il y a des places disponibles dans un autre programme, nous pourrons transf\u00e9rer votre enfant dans un autre programme. Cela pourrait modifier le prix et nous pourrons proc\u00e9der \u00e0 un remboursement si le prix est diff\u00e9rent. Des frais suppl\u00e9mentaires peuvent \u00eatre factur\u00e9s si le prix du programme est plus \u00e9lev\u00e9.<\/p>\n<p>L&rsquo;inscription doit \u00eatre pay\u00e9e en totalit\u00e9 avant le d\u00e9but du camp le 22 juin 2026. Si l&rsquo;inscription n&rsquo;est pas pay\u00e9e \u00e0 la date mentionn\u00e9e, elle sera annul\u00e9e et vous perdrez votre place (aucune exception).<\/p>\n<p>Les prix pour <strong>TOUS LES PROGRAMMES<\/strong> augmenteront de 5$ par mois apr\u00e8s le 30 avril 2026.<\/p>\n<div id=\"gtx-trans\" style=\"position: absolute; left: 548px; top: 573.531px;\">\n<div class=\"gtx-trans-icon\"><\/div>\n<\/div>\n<p>[\/vc_column_text][\/vc_column][\/vc_row]<\/p>\n","protected":false},"excerpt":{"rendered":"<p>[vc_row][vc_column][vc_column_text] Inscriptions en ligne Inscriptions en lignepropuls\u00e9 par Amilia.com En cliquant sur ce lien vous\u00a0serez\u00a0redirig\u00e9 sur Amilia.com, notre plateforme d\u2019inscriptions en ligne. Nous vous invitons \u00e0 vous cr\u00e9er un compte d\u2019utilisateur afin d\u2019inscrire vos enfants. &nbsp; Fiez-vous \u00e0 notre 2026 Grille des programmes et tarifs pour vous aider \u00e0 faire vos choix![\/vc_column_text][vc_column_text] Paiement Veuillez noter [&#8230;]<\/p>\n","protected":false},"author":2,"featured_media":2075,"parent":0,"menu_order":0,"comment_status":"closed","ping_status":"closed","template":"","meta":[],"yoast_head":"<!-- This site is optimized with the Yoast SEO plugin v15.3 - https:\/\/yoast.com\/wordpress\/plugins\/seo\/ -->\n<title>Inscriptions en ligne au Supercamp @ Vanier College<\/title>\n<meta name=\"description\" content=\"Restez \u00e0 l&#039;aff\u00fbt des inscriptions en ligne durant la p\u00e9riode de rabais pour inscriptions h\u00e2tives de l&#039;\u00e9t\u00e9 2021!\" \/>\n<meta name=\"robots\" content=\"index, follow, max-snippet:-1, max-image-preview:large, max-video-preview:-1\" \/>\n<link rel=\"canonical\" href=\"https:\/\/supercamp.ca\/fr\/inscriptions-en-ligne\/\" \/>\n<meta property=\"og:locale\" content=\"fr_FR\" \/>\n<meta property=\"og:type\" content=\"article\" \/>\n<meta property=\"og:title\" content=\"Inscriptions en ligne au Supercamp @ Vanier College\" \/>\n<meta property=\"og:description\" content=\"Restez \u00e0 l&#039;aff\u00fbt des inscriptions en ligne durant la p\u00e9riode de rabais pour inscriptions h\u00e2tives de l&#039;\u00e9t\u00e9 2021!\" \/>\n<meta property=\"og:url\" content=\"https:\/\/supercamp.ca\/fr\/inscriptions-en-ligne\/\" \/>\n<meta property=\"og:site_name\" content=\"Supercamp\" \/>\n<meta property=\"article:modified_time\" content=\"2026-01-09T06:47:14+00:00\" \/>\n<meta property=\"og:image\" content=\"https:\/\/supercamp.ca\/wp-content\/uploads\/2019\/03\/supercamp-2019.jpg\" \/>\n\t<meta property=\"og:image:width\" content=\"1200\" \/>\n\t<meta property=\"og:image:height\" content=\"630\" \/>\n<meta name=\"twitter:card\" content=\"summary\" \/>\n<meta name=\"twitter:label1\" content=\"\u00c9crit par\">\n\t<meta name=\"twitter:data1\" content=\"Supercamp Editor\">\n\t<meta name=\"twitter:label2\" content=\"Dur\u00e9e de lecture est.\">\n\t<meta name=\"twitter:data2\" content=\"3 minutes\">\n<script type=\"application\/ld+json\" class=\"yoast-schema-graph\">{\"@context\":\"https:\/\/schema.org\",\"@graph\":[{\"@type\":\"WebSite\",\"@id\":\"https:\/\/supercamp.ca\/#website\",\"url\":\"https:\/\/supercamp.ca\/\",\"name\":\"Supercamp\",\"description\":\"\",\"potentialAction\":[{\"@type\":\"SearchAction\",\"target\":\"https:\/\/supercamp.ca\/?s={search_term_string}\",\"query-input\":\"required name=search_term_string\"}],\"inLanguage\":\"fr-FR\"},{\"@type\":\"ImageObject\",\"@id\":\"https:\/\/supercamp.ca\/fr\/inscriptions-en-ligne\/#primaryimage\",\"inLanguage\":\"fr-FR\",\"url\":\"https:\/\/supercamp.ca\/wp-content\/uploads\/2019\/03\/supercamp-2019.jpg\",\"width\":1200,\"height\":630,\"caption\":\"Contact the Supercamp for more information! You can reach us by phone, email, Facebook messaging or even Instagram if you are a current client!\"},{\"@type\":\"WebPage\",\"@id\":\"https:\/\/supercamp.ca\/fr\/inscriptions-en-ligne\/#webpage\",\"url\":\"https:\/\/supercamp.ca\/fr\/inscriptions-en-ligne\/\",\"name\":\"Inscriptions en ligne au Supercamp @ Vanier College\",\"isPartOf\":{\"@id\":\"https:\/\/supercamp.ca\/#website\"},\"primaryImageOfPage\":{\"@id\":\"https:\/\/supercamp.ca\/fr\/inscriptions-en-ligne\/#primaryimage\"},\"datePublished\":\"2016-02-25T05:36:15+00:00\",\"dateModified\":\"2026-01-09T06:47:14+00:00\",\"description\":\"Restez \\u00e0 l'aff\\u00fbt des inscriptions en ligne durant la p\\u00e9riode de rabais pour inscriptions h\\u00e2tives de l'\\u00e9t\\u00e9 2021!\",\"inLanguage\":\"fr-FR\",\"potentialAction\":[{\"@type\":\"ReadAction\",\"target\":[\"https:\/\/supercamp.ca\/fr\/inscriptions-en-ligne\/\"]}]}]}<\/script>\n<!-- \/ Yoast SEO plugin. -->","_links":{"self":[{"href":"https:\/\/supercamp.ca\/fr\/wp-json\/wp\/v2\/pages\/159\/"}],"collection":[{"href":"https:\/\/supercamp.ca\/fr\/wp-json\/wp\/v2\/pages\/"}],"about":[{"href":"https:\/\/supercamp.ca\/fr\/wp-json\/wp\/v2\/types\/page\/"}],"author":[{"embeddable":true,"href":"https:\/\/supercamp.ca\/fr\/wp-json\/wp\/v2\/users\/2\/"}],"replies":[{"embeddable":true,"href":"https:\/\/supercamp.ca\/fr\/wp-json\/wp\/v2\/comments\/?post=159"}],"version-history":[{"count":102,"href":"https:\/\/supercamp.ca\/fr\/wp-json\/wp\/v2\/pages\/159\/revisions\/"}],"predecessor-version":[{"id":3512,"href":"https:\/\/supercamp.ca\/fr\/wp-json\/wp\/v2\/pages\/159\/revisions\/3512\/"}],"wp:featuredmedia":[{"embeddable":true,"href":"https:\/\/supercamp.ca\/fr\/wp-json\/wp\/v2\/media\/2075\/"}],"wp:attachment":[{"href":"https:\/\/supercamp.ca\/fr\/wp-json\/wp\/v2\/media\/?parent=159"}],"curies":[{"name":"wp","href":"https:\/\/api.w.org\/{rel}","templated":true}]}}