{"id":153,"date":"2016-02-25T14:26:33","date_gmt":"2016-02-25T14:26:33","guid":{"rendered":"https:\/\/supercamp.ca\/fr\/swimming-lessons\/"},"modified":"2026-01-10T20:26:05","modified_gmt":"2026-01-11T01:26:05","slug":"activites-apres-camp","status":"publish","type":"page","link":"https:\/\/supercamp.ca\/fr\/activites-apres-camp\/","title":{"rendered":"Service de garde"},"content":{"rendered":"<p>[vc_row][vc_column][vc_single_image image=\u00a0\u00bb324&Prime; img_size=\u00a0\u00bbfull\u00a0\u00bb style=\u00a0\u00bbvc_box_rounded\u00a0\u00bb][vc_column_text]<\/p>\n<div style=\"width: 175px;\"><a style=\"color: #ffffff; background: #46aaf8 url('https:\/\/app.amilia.com\/buttons\/lock.png') no-repeat 10px 10px; border-radius: 2px; font: bold 13px\/16px arial; text-indent: 0; height: 40px; width: 175px; text-decoration: none; position: relative; display: table; *display: inline-block;\" href=\"https:\/\/www.amilia.com\/o\/2852\/supercamp-vanier\" target=\"_blank\" rel=\"noopener noreferrer\"><span style=\"display: table-cell; *position: absolute; *top: 50%; vertical-align: middle; *width: 175px;\"><span style=\"display: block; *position: relative; *top: -50%; padding-left: 45px;\">Inscription en ligne<\/span><\/span><\/a><span style=\"display: block; text-align: right; padding: 2px 4px 0 0; color: #696969; font: 11px\/15px arial;\">propuls\u00e9 par <a style=\"color: #696969;\" href=\"https:\/\/www.amilia.com\/fr\" target=\"_blank\" rel=\"noopener noreferrer\">Amilia.com<\/a><\/span><\/div>\n<p>&nbsp;<\/p>\n<p><strong>Service d\u2019accueil prolong\u00e9 &#8211; \u00e9t\u00e9 2026<br \/>\n<\/strong>88$\/semaine pour les matins et les apr\u00e8s-midi<\/p>\n<p>50$\/semaine pour les matins OU les apr\u00e8s-midi<\/p>\n<p>&nbsp;<\/p>\n<h4 style=\"text-align: justify;\">Nous offrons le service d\u2019accueil prolong\u00e9, de 7h00 \u00e0 8h45 et de 16h15 \u00e0 18h00.<\/h4>\n<h4 style=\"text-align: justify;\">Les frais pour le service d\u2019accueil prolong\u00e9 doivent \u00eatre acquitt\u00e9s le m\u00eame jour.<\/h4>\n<h4 style=\"text-align: justify;\">Vous connaissez d\u2019avance l\u2019heure \u00e0 laquelle votre enfant arrivera le matin et quittera le soir? Nous vous sugg\u00e9rons fortement de <a href=\"https:\/\/www.amilia.com\/store\/fr\/supercamp-vanier\/shop\/programs\">vous inscrire au service d\u2019accueil prolong\u00e9<\/a> lors de votre inscription.<\/h4>\n<p>&nbsp;<\/p>\n<p>Pour plus d\u2019informations sur les programmes offerts, consultez le\u00a0<a href=\"https:\/\/supercamp.ca\/fr\/programme-multi\/\">Programme Multi<\/a>\u00a0, les <a href=\"https:\/\/supercamp.ca\/fr\/programmes-arts-et-sciences\/\">Programmes d&rsquo;arts et sciences<\/a> et les\u00a0<a href=\"https:\/\/supercamp.ca\/fr\/programmes-sportifs\/\">Programmes sportifs: les petits Cheetahs<\/a>.[\/vc_column_text][\/vc_column][\/vc_row]<\/p>\n","protected":false},"excerpt":{"rendered":"<p>[vc_row][vc_column][vc_single_image image=\u00a0\u00bb324&Prime; img_size=\u00a0\u00bbfull\u00a0\u00bb style=\u00a0\u00bbvc_box_rounded\u00a0\u00bb][vc_column_text] Inscription en lignepropuls\u00e9 par Amilia.com &nbsp; Service d\u2019accueil prolong\u00e9 &#8211; \u00e9t\u00e9 2026 88$\/semaine pour les matins et les apr\u00e8s-midi 50$\/semaine pour les matins OU les apr\u00e8s-midi &nbsp; Nous offrons le service d\u2019accueil prolong\u00e9, de 7h00 \u00e0 8h45 et de 16h15 \u00e0 18h00. Les frais pour le service d\u2019accueil prolong\u00e9 doivent \u00eatre [&#8230;]<\/p>\n","protected":false},"author":2,"featured_media":2075,"parent":0,"menu_order":0,"comment_status":"closed","ping_status":"closed","template":"","meta":[],"yoast_head":"<!-- This site is optimized with the Yoast SEO plugin v15.3 - https:\/\/yoast.com\/wordpress\/plugins\/seo\/ -->\n<title>Activit\u00e9s apr\u00e8s le camp - Supercamp @ Vanier Coll\u00e8ge<\/title>\n<meta name=\"description\" content=\"Supercamp offre quatre activit\u00e9s apr\u00e8s le camp: les cours d&#039;anglais, de natation, le basketball, la danse. Ces activit\u00e9s sont offertes apr\u00e8s les activit\u00e9s r\u00e9guli\u00e8res du camp, soit de 16h30 \u00e0 17h30.\" \/>\n<meta name=\"robots\" content=\"index, follow, max-snippet:-1, max-image-preview:large, max-video-preview:-1\" \/>\n<link rel=\"canonical\" href=\"https:\/\/supercamp.ca\/fr\/activites-apres-camp\/\" \/>\n<meta property=\"og:locale\" content=\"fr_FR\" \/>\n<meta property=\"og:type\" content=\"article\" \/>\n<meta property=\"og:title\" content=\"Activit\u00e9s apr\u00e8s le camp - Supercamp @ Vanier Coll\u00e8ge\" \/>\n<meta property=\"og:description\" content=\"Supercamp offre quatre activit\u00e9s apr\u00e8s le camp: les cours d&#039;anglais, de natation, le basketball, la danse. Ces activit\u00e9s sont offertes apr\u00e8s les activit\u00e9s r\u00e9guli\u00e8res du camp, soit de 16h30 \u00e0 17h30.\" \/>\n<meta property=\"og:url\" content=\"https:\/\/supercamp.ca\/fr\/activites-apres-camp\/\" \/>\n<meta property=\"og:site_name\" content=\"Supercamp\" \/>\n<meta property=\"article:modified_time\" content=\"2026-01-11T01:26:05+00:00\" \/>\n<meta property=\"og:image\" content=\"https:\/\/supercamp.ca\/wp-content\/uploads\/2019\/03\/supercamp-2019.jpg\" \/>\n\t<meta property=\"og:image:width\" content=\"1200\" \/>\n\t<meta property=\"og:image:height\" content=\"630\" \/>\n<meta name=\"twitter:card\" content=\"summary\" \/>\n<meta name=\"twitter:label1\" content=\"\u00c9crit par\">\n\t<meta name=\"twitter:data1\" content=\"Supercamp Editor\">\n\t<meta name=\"twitter:label2\" content=\"Dur\u00e9e de lecture est.\">\n\t<meta name=\"twitter:data2\" content=\"1 minute\">\n<script type=\"application\/ld+json\" class=\"yoast-schema-graph\">{\"@context\":\"https:\/\/schema.org\",\"@graph\":[{\"@type\":\"WebSite\",\"@id\":\"https:\/\/supercamp.ca\/#website\",\"url\":\"https:\/\/supercamp.ca\/\",\"name\":\"Supercamp\",\"description\":\"\",\"potentialAction\":[{\"@type\":\"SearchAction\",\"target\":\"https:\/\/supercamp.ca\/?s={search_term_string}\",\"query-input\":\"required name=search_term_string\"}],\"inLanguage\":\"fr-FR\"},{\"@type\":\"ImageObject\",\"@id\":\"https:\/\/supercamp.ca\/fr\/activites-apres-camp\/#primaryimage\",\"inLanguage\":\"fr-FR\",\"url\":\"https:\/\/supercamp.ca\/wp-content\/uploads\/2019\/03\/supercamp-2019.jpg\",\"width\":1200,\"height\":630,\"caption\":\"Contact the Supercamp for more information! You can reach us by phone, email, Facebook messaging or even Instagram if you are a current client!\"},{\"@type\":\"WebPage\",\"@id\":\"https:\/\/supercamp.ca\/fr\/activites-apres-camp\/#webpage\",\"url\":\"https:\/\/supercamp.ca\/fr\/activites-apres-camp\/\",\"name\":\"Activit\\u00e9s apr\\u00e8s le camp - Supercamp @ Vanier Coll\\u00e8ge\",\"isPartOf\":{\"@id\":\"https:\/\/supercamp.ca\/#website\"},\"primaryImageOfPage\":{\"@id\":\"https:\/\/supercamp.ca\/fr\/activites-apres-camp\/#primaryimage\"},\"datePublished\":\"2016-02-25T14:26:33+00:00\",\"dateModified\":\"2026-01-11T01:26:05+00:00\",\"description\":\"Supercamp offre quatre activit\\u00e9s apr\\u00e8s le camp: les cours d'anglais, de natation, le basketball, la danse. Ces activit\\u00e9s sont offertes apr\\u00e8s les activit\\u00e9s r\\u00e9guli\\u00e8res du camp, soit de 16h30 \\u00e0 17h30.\",\"inLanguage\":\"fr-FR\",\"potentialAction\":[{\"@type\":\"ReadAction\",\"target\":[\"https:\/\/supercamp.ca\/fr\/activites-apres-camp\/\"]}]}]}<\/script>\n<!-- \/ Yoast SEO plugin. -->","_links":{"self":[{"href":"https:\/\/supercamp.ca\/fr\/wp-json\/wp\/v2\/pages\/153\/"}],"collection":[{"href":"https:\/\/supercamp.ca\/fr\/wp-json\/wp\/v2\/pages\/"}],"about":[{"href":"https:\/\/supercamp.ca\/fr\/wp-json\/wp\/v2\/types\/page\/"}],"author":[{"embeddable":true,"href":"https:\/\/supercamp.ca\/fr\/wp-json\/wp\/v2\/users\/2\/"}],"replies":[{"embeddable":true,"href":"https:\/\/supercamp.ca\/fr\/wp-json\/wp\/v2\/comments\/?post=153"}],"version-history":[{"count":73,"href":"https:\/\/supercamp.ca\/fr\/wp-json\/wp\/v2\/pages\/153\/revisions\/"}],"predecessor-version":[{"id":3517,"href":"https:\/\/supercamp.ca\/fr\/wp-json\/wp\/v2\/pages\/153\/revisions\/3517\/"}],"wp:featuredmedia":[{"embeddable":true,"href":"https:\/\/supercamp.ca\/fr\/wp-json\/wp\/v2\/media\/2075\/"}],"wp:attachment":[{"href":"https:\/\/supercamp.ca\/fr\/wp-json\/wp\/v2\/media\/?parent=153"}],"curies":[{"name":"wp","href":"https:\/\/api.w.org\/{rel}","templated":true}]}}