{"id":149,"date":"2016-02-25T14:22:20","date_gmt":"2016-02-25T14:22:20","guid":{"rendered":"https:\/\/supercamp.ca\/fr\/specialized-program\/"},"modified":"2024-01-25T22:49:50","modified_gmt":"2024-01-26T03:49:50","slug":"programmes-arts-et-sciences","status":"publish","type":"page","link":"https:\/\/supercamp.ca\/fr\/programmes-arts-et-sciences\/","title":{"rendered":"Programmes  arts  et  sciences"},"content":{"rendered":"<p>[vc_row][vc_column][vc_single_image image=\u00a0\u00bb330&Prime; img_size=\u00a0\u00bbfull\u00a0\u00bb][vc_column_text]<\/p>\n<div style=\"width: 175px;\"><a style=\"color: #ffffff; background: #46aaf8 url('https:\/\/app.amilia.com\/buttons\/lock.png') no-repeat 10px 10px; border-radius: 2px; font: bold 13px\/16px arial; text-indent: 0; height: 40px; width: 175px; text-decoration: none; position: relative; display: table; *display: inline-block;\" href=\"https:\/\/www.amilia.com\/store\/en\/supercamp-vanier\/shop\/programs\" target=\"_blank\" rel=\"noopener noreferrer\"><span style=\"display: table-cell; *position: absolute; *top: 50%; vertical-align: middle; *width: 175px;\"><span style=\"display: block; *position: relative; *top: -50%; padding-left: 45px;\">Inscriptions en ligne<\/span><\/span><\/a><span style=\"display: block; text-align: right; padding: 2px 4px 0 0; color: #696969; font: 11px\/15px arial;\">propuls\u00e9 par <a style=\"color: #696969;\" href=\"https:\/\/www.amilia.com\/fr\" target=\"_blank\" rel=\"noopener noreferrer\">Amilia.com<\/a><\/span><\/div>\n<h2 style=\"text-align: justify; margin-top: 30px;\"><strong>Programmes arts et sciences<\/strong><\/h2>\n<p style=\"text-align: justify; margin-top: 30px;\">Avec leur groupe, les campeurs auront maintenant la chance de choisir parmi l\u2019un de nos six programmes arts et sciences. Ils pourront ainsi pratiquer leurs activit\u00e9s pr\u00e9f\u00e9r\u00e9es \u00e0 raison de 10 heures par semaine avec des animateurs sp\u00e9cialis\u00e9s et form\u00e9s.<\/p>\n<p style=\"text-align: justify; margin-top: 30px;\">Tout cela gr\u00e2ce aux installations du coll\u00e8ge Vanier. Le reste de la journ\u00e9e sera consacr\u00e9e \u00e0 faire l\u2019exp\u00e9rience de la multitude d\u2019activit\u00e9s qu\u2019offre Supercamp. Des sports int\u00e9rieurs et ext\u00e9rieurs, des activit\u00e9s culturelles et artistiques, des p\u00e9riodes de bain libre \u00e0 la piscine et chaque vendredi, une grande c\u00e9l\u00e9bration !<\/p>\n<p>&nbsp;<\/p>\n<h3><strong>Programmes sp\u00e9cialis\u00e9s en Arts et Sciences:<\/strong><\/h3>\n<ul>\n<li>Sciences<\/li>\n<li>Chorale<\/li>\n<li>Musique<\/li>\n<li>Arts Visuels<\/li>\n<li>Danse<\/li>\n<\/ul>\n<p>* les places sont limit\u00e9es.<\/p>\n<p>&nbsp;<\/p>\n<div style=\"margin-bottom: 20px;\">\u00a0De plus, les campeurs pourront aussi profiter de tout ce que le Supercamp a \u00e0 offrir. De nos nombreux terrains ext\u00e9rieurs aux bains libres! Puis, le vendredi, la grande c\u00e9l\u00e9bration ! Les vendredis sont remplis de surprises extraordinaires pour finir la semaine en beaut\u00e9.<\/div>\n<div class=\"clearfix\" style=\"height: 0px;\"><\/div>\n<h5><strong>\u00a0Voici un exemple d&rsquo;une journ\u00e9e typique au Supercamp pour les programmes d&rsquo;arts et de sciences:<\/strong><\/h5>\n<div class=\"wpb_text_column wpb_content_element \">\n<div class=\"wpb_wrapper\">\n<table>\n<thead>\n<tr>\n<th>Heure<\/th>\n<th>Activit\u00e9<\/th>\n<\/tr>\n<\/thead>\n<tbody>\n<tr>\n<td><strong>7h00 \u00e0 8h45<\/strong><\/td>\n<td>Service d&rsquo;accueil prolong\u00e9<\/td>\n<\/tr>\n<tr>\n<td><strong>8h45 \u00e0 9h15<\/strong><\/td>\n<td>Arriv\u00e9 et accueil<\/td>\n<\/tr>\n<tr>\n<td><strong>9h15 \u00e0 10h00<\/strong><\/td>\n<td>Activit\u00e9 sp\u00e9cialis\u00e9e<\/td>\n<\/tr>\n<tr>\n<td><strong>10h05 \u00e0 11h55<\/strong><\/td>\n<td>Activit\u00e9 g\u00e9n\u00e9rale<\/td>\n<\/tr>\n<tr>\n<td><strong>11h55 \u00e0 12h40<\/strong><\/td>\n<td>D\u00eener<\/td>\n<\/tr>\n<tr>\n<td><strong>12h45 \u00e0 13h35<\/strong><\/td>\n<td>Activit\u00e9 sp\u00e9cialis\u00e9e<\/td>\n<\/tr>\n<tr>\n<td><strong>13h40 \u00e0 14h30<\/strong><\/td>\n<td>\u00a0Activit\u00e9 g\u00e9n\u00e9rale<\/td>\n<\/tr>\n<tr>\n<td><strong>14h35 \u00e0 15h25<\/strong><\/td>\n<td>Activit\u00e9 g\u00e9n\u00e9rale<\/td>\n<\/tr>\n<tr>\n<td><strong>15h30 \u00e0 16h00<\/strong><\/td>\n<td>D\u00e9part<\/td>\n<\/tr>\n<tr>\n<td><strong>16h15 \u00e0 18h00<\/strong><\/td>\n<td>Service d&rsquo;accueil prolong\u00e9<\/td>\n<\/tr>\n<\/tbody>\n<\/table>\n<\/div>\n<\/div>\n<p>Pour de plus amples\u00a0informations sur les autres programmes offerts visitez\u00a0\u00a0<a href=\"https:\/\/supercamp.ca\/fr\/programme-multi\/\">\u00a0Programme Multi\u00a0<\/a>\u00a0et <a href=\"https:\/\/supercamp.ca\/fr\/programmes-arts-et-sciences\/\">Programmes arts et sciences\u00a0<\/a>.[\/vc_column_text][\/vc_column][\/vc_row][vc_row][vc_column][vc_column_text]<\/p>\n<p>[\/vc_column_text][\/vc_column][\/vc_row]<\/p>\n<div id=\"gtx-trans\" style=\"position: absolute; left: 101px; top: 446.8px;\">\n<div class=\"gtx-trans-icon\"><\/div>\n<\/div>\n","protected":false},"excerpt":{"rendered":"<p>[vc_row][vc_column][vc_single_image image=\u00a0\u00bb330&Prime; img_size=\u00a0\u00bbfull\u00a0\u00bb][vc_column_text] Inscriptions en lignepropuls\u00e9 par Amilia.com Programmes arts et sciences Avec leur groupe, les campeurs auront maintenant la chance de choisir parmi l\u2019un de nos six programmes arts et sciences. Ils pourront ainsi pratiquer leurs activit\u00e9s pr\u00e9f\u00e9r\u00e9es \u00e0 raison de 10 heures par semaine avec des animateurs sp\u00e9cialis\u00e9s et form\u00e9s. Tout cela gr\u00e2ce [&#8230;]<\/p>\n","protected":false},"author":2,"featured_media":330,"parent":0,"menu_order":0,"comment_status":"closed","ping_status":"closed","template":"","meta":[],"yoast_head":"<!-- This site is optimized with the Yoast SEO plugin v15.3 - https:\/\/yoast.com\/wordpress\/plugins\/seo\/ -->\n<title>Programmes sp\u00e9cialis\u00e9s arts et sciences - Supercamp<\/title>\n<meta name=\"description\" content=\"Les quatres programmes arts et sciences inclus les science et technologies, les arts et la musique, le th\u00e9\u00e2tre et la danse.\" \/>\n<meta name=\"robots\" content=\"index, follow, max-snippet:-1, max-image-preview:large, max-video-preview:-1\" \/>\n<link rel=\"canonical\" href=\"https:\/\/supercamp.ca\/fr\/programmes-arts-et-sciences\/\" \/>\n<meta property=\"og:locale\" content=\"fr_FR\" \/>\n<meta property=\"og:type\" content=\"article\" \/>\n<meta property=\"og:title\" content=\"Programmes sp\u00e9cialis\u00e9s arts et sciences - Supercamp\" \/>\n<meta property=\"og:description\" content=\"Les quatres programmes arts et sciences inclus les science et technologies, les arts et la musique, le th\u00e9\u00e2tre et la danse.\" \/>\n<meta property=\"og:url\" content=\"https:\/\/supercamp.ca\/fr\/programmes-arts-et-sciences\/\" \/>\n<meta property=\"og:site_name\" content=\"Supercamp\" \/>\n<meta property=\"article:modified_time\" content=\"2024-01-26T03:49:50+00:00\" \/>\n<meta property=\"og:image\" content=\"https:\/\/supercamp.ca\/wp-content\/uploads\/2016\/02\/supercamp-accent-program.jpg\" \/>\n\t<meta property=\"og:image:width\" content=\"800\" \/>\n\t<meta property=\"og:image:height\" content=\"534\" \/>\n<meta name=\"twitter:card\" content=\"summary\" \/>\n<meta name=\"twitter:label1\" content=\"\u00c9crit par\">\n\t<meta name=\"twitter:data1\" content=\"Supercamp Editor\">\n\t<meta name=\"twitter:label2\" content=\"Dur\u00e9e de lecture est.\">\n\t<meta name=\"twitter:data2\" content=\"1 minute\">\n<script type=\"application\/ld+json\" class=\"yoast-schema-graph\">{\"@context\":\"https:\/\/schema.org\",\"@graph\":[{\"@type\":\"WebSite\",\"@id\":\"https:\/\/supercamp.ca\/#website\",\"url\":\"https:\/\/supercamp.ca\/\",\"name\":\"Supercamp\",\"description\":\"\",\"potentialAction\":[{\"@type\":\"SearchAction\",\"target\":\"https:\/\/supercamp.ca\/?s={search_term_string}\",\"query-input\":\"required name=search_term_string\"}],\"inLanguage\":\"fr-FR\"},{\"@type\":\"ImageObject\",\"@id\":\"https:\/\/supercamp.ca\/fr\/programmes-arts-et-sciences\/#primaryimage\",\"inLanguage\":\"fr-FR\",\"url\":\"https:\/\/supercamp.ca\/wp-content\/uploads\/2016\/02\/supercamp-accent-program.jpg\",\"width\":800,\"height\":534,\"caption\":\"Supercamp accent program\"},{\"@type\":\"WebPage\",\"@id\":\"https:\/\/supercamp.ca\/fr\/programmes-arts-et-sciences\/#webpage\",\"url\":\"https:\/\/supercamp.ca\/fr\/programmes-arts-et-sciences\/\",\"name\":\"Programmes sp\\u00e9cialis\\u00e9s arts et sciences - Supercamp\",\"isPartOf\":{\"@id\":\"https:\/\/supercamp.ca\/#website\"},\"primaryImageOfPage\":{\"@id\":\"https:\/\/supercamp.ca\/fr\/programmes-arts-et-sciences\/#primaryimage\"},\"datePublished\":\"2016-02-25T14:22:20+00:00\",\"dateModified\":\"2024-01-26T03:49:50+00:00\",\"description\":\"Les quatres programmes arts et sciences inclus les science et technologies, les arts et la musique, le th\\u00e9\\u00e2tre et la danse.\",\"inLanguage\":\"fr-FR\",\"potentialAction\":[{\"@type\":\"ReadAction\",\"target\":[\"https:\/\/supercamp.ca\/fr\/programmes-arts-et-sciences\/\"]}]}]}<\/script>\n<!-- \/ Yoast SEO plugin. -->","_links":{"self":[{"href":"https:\/\/supercamp.ca\/fr\/wp-json\/wp\/v2\/pages\/149\/"}],"collection":[{"href":"https:\/\/supercamp.ca\/fr\/wp-json\/wp\/v2\/pages\/"}],"about":[{"href":"https:\/\/supercamp.ca\/fr\/wp-json\/wp\/v2\/types\/page\/"}],"author":[{"embeddable":true,"href":"https:\/\/supercamp.ca\/fr\/wp-json\/wp\/v2\/users\/2\/"}],"replies":[{"embeddable":true,"href":"https:\/\/supercamp.ca\/fr\/wp-json\/wp\/v2\/comments\/?post=149"}],"version-history":[{"count":66,"href":"https:\/\/supercamp.ca\/fr\/wp-json\/wp\/v2\/pages\/149\/revisions\/"}],"predecessor-version":[{"id":3374,"href":"https:\/\/supercamp.ca\/fr\/wp-json\/wp\/v2\/pages\/149\/revisions\/3374\/"}],"wp:featuredmedia":[{"embeddable":true,"href":"https:\/\/supercamp.ca\/fr\/wp-json\/wp\/v2\/media\/330\/"}],"wp:attachment":[{"href":"https:\/\/supercamp.ca\/fr\/wp-json\/wp\/v2\/media\/?parent=149"}],"curies":[{"name":"wp","href":"https:\/\/api.w.org\/{rel}","templated":true}]}}