{"id":146,"date":"2016-02-25T14:11:40","date_gmt":"2016-02-25T14:11:40","guid":{"rendered":"https:\/\/supercamp.ca\/fr\/leadership-program\/"},"modified":"2024-07-22T11:17:18","modified_gmt":"2024-07-22T15:17:18","slug":"cit","status":"publish","type":"page","link":"https:\/\/supercamp.ca\/fr\/cit\/","title":{"rendered":"Programme Aspirant-Moniteur"},"content":{"rendered":"<p>[vc_row][vc_column][vc_single_image image=\u00a0\u00bb337&Prime; img_size=\u00a0\u00bbfull\u00a0\u00bb][vc_column_text]<\/p>\n<div style=\"width: 175px;\"><a style=\"color: #ffffff; background: #46aaf8 url('https:\/\/app.amilia.com\/buttons\/lock.png') no-repeat 10px 10px; border-radius: 2px; font: bold 13px\/16px arial; text-indent: 0; height: 40px; width: 175px; text-decoration: none; position: relative; display: table; *display: inline-block;\" href=\"https:\/\/www.amilia.com\/store\/en\/supercamp-vanier\/shop\/programs\" target=\"_blank\" rel=\"noopener noreferrer\"><span style=\"display: table-cell; *position: absolute; *top: 50%; vertical-align: middle; *width: 175px;\"><span style=\"display: block; *position: relative; *top: -50%; padding-left: 45px;\">Inscriptions en ligne<\/span><\/span><\/a><span style=\"display: block; text-align: right; padding: 2px 4px 0 0; color: #696969; font: 11px\/15px arial;\">propuls\u00e9 par <a style=\"color: #696969;\" href=\"https:\/\/www.amilia.com\/fr\" target=\"_blank\" rel=\"noopener noreferrer\">Amilia.com<\/a><\/span><\/div>\n<div style=\"width: 175px;\"><\/div>\n<p>[\/vc_column_text][\/vc_column][\/vc_row][vc_row][vc_column][vc_column_text]<\/p>\n<h2>Programme Aspirant-Moniteur (PAM)<\/h2>\n<h6>13-14 ans<\/h6>\n<p>Notre programme de formation de conseillers est destin\u00e9 aux jeunes de 13 \u00e0 14 ans. Le programme CIT assure la transition entre les enfants et les campeurs, d&rsquo;une part, et les jeunes adolescents et les membres du personnel, d&rsquo;autre part.<\/p>\n<p>&nbsp;<\/p>\n<p>Les CIT suivront une formation intensive de deux semaines sur tous les sujets mentionn\u00e9s ci-dessus. Ils seront ensuite plac\u00e9s dans un groupe et jumel\u00e9s \u00e0 un moniteur afin de compl\u00e9ter un stage de deux semaines.<\/p>\n<p>***Veuillez noter que toute personne souhaitant s&rsquo;inscrire \u00e0 ce programme doit \u00eatre disponible pendant les deux semaines afin de pouvoir s&rsquo;inscrire***.<\/p>\n<p>&nbsp;<\/p>\n<p>Les CIT seront guid\u00e9s par le moniteur, le coordinateur CIT et le directeur. Ils recevront constamment des commentaires et des r\u00e9unions concernant leurs performances et la fa\u00e7on dont ils peuvent s&rsquo;ajuster si n\u00e9cessaire.<\/p>\n<p>L&rsquo;\u00e9valuation des CIT d\u00e9terminera s&rsquo;ils recevront ou non un contrat de 4 semaines pour continuer \u00e0 travailler \u00e0 Supercamp jusqu&rsquo;\u00e0 la fin de l&rsquo;\u00e9t\u00e9.<\/p>\n<p>L&rsquo;extension de 4 semaines se fait sur la base du volontariat mais est r\u00e9compens\u00e9e par une allocation.<img loading=\"lazy\" class=\"wp-image-1355 alignright\" style=\"font-size: 10.72px; font-weight: bold;\" src=\"https:\/\/supercamp.ca\/wp-content\/uploads\/2016\/02\/ACQ_CC-pleinNOIR-450x450.jpg\" alt=\"\" width=\"257\" height=\"257\" srcset=\"https:\/\/supercamp.ca\/wp-content\/uploads\/2016\/02\/ACQ_CC-pleinNOIR-450x450.jpg 450w, https:\/\/supercamp.ca\/wp-content\/uploads\/2016\/02\/ACQ_CC-pleinNOIR-150x150.jpg 150w, https:\/\/supercamp.ca\/wp-content\/uploads\/2016\/02\/ACQ_CC-pleinNOIR-768x768.jpg 768w, https:\/\/supercamp.ca\/wp-content\/uploads\/2016\/02\/ACQ_CC-pleinNOIR-700x700.jpg 700w, https:\/\/supercamp.ca\/wp-content\/uploads\/2016\/02\/ACQ_CC-pleinNOIR-250x250.jpg 250w, https:\/\/supercamp.ca\/wp-content\/uploads\/2016\/02\/ACQ_CC-pleinNOIR-120x120.jpg 120w, https:\/\/supercamp.ca\/wp-content\/uploads\/2016\/02\/ACQ_CC-pleinNOIR-512x512.jpg 512w, https:\/\/supercamp.ca\/wp-content\/uploads\/2016\/02\/ACQ_CC-pleinNOIR.jpg 1200w\" sizes=\"(max-width: 257px) 100vw, 257px\" \/><\/p>\n<p>&nbsp;<\/p>\n<p>***Afin de recevoir leur certification PAM\/CIT, ils devront compl\u00e9ter les 2 semaines de formation et les 2 semaines de stage***.<\/p>\n<p>&nbsp;<\/p>\n<p>Ce programme ne concerne que 15 adolescents au total.<\/p>\n<p>&nbsp;<\/p>\n<p>[\/vc_column_text][\/vc_column][\/vc_row]<\/p>\n","protected":false},"excerpt":{"rendered":"<p>[vc_row][vc_column][vc_single_image image=\u00a0\u00bb337&Prime; img_size=\u00a0\u00bbfull\u00a0\u00bb][vc_column_text] Inscriptions en lignepropuls\u00e9 par Amilia.com [\/vc_column_text][\/vc_column][\/vc_row][vc_row][vc_column][vc_column_text] Programme Aspirant-Moniteur (PAM) 13-14 ans Notre programme de formation de conseillers est destin\u00e9 aux jeunes de 13 \u00e0 14 ans. Le programme CIT assure la transition entre les enfants et les campeurs, d&rsquo;une part, et les jeunes adolescents et les membres du personnel, d&rsquo;autre part. &nbsp; [&#8230;]<\/p>\n","protected":false},"author":2,"featured_media":337,"parent":0,"menu_order":0,"comment_status":"closed","ping_status":"closed","template":"","meta":[],"yoast_head":"<!-- This site is optimized with the Yoast SEO plugin v15.3 - https:\/\/yoast.com\/wordpress\/plugins\/seo\/ -->\n<title>Programme d&#039;aspirant-moniteur \/ PAM \/ CIT Program<\/title>\n<meta name=\"robots\" content=\"index, follow, max-snippet:-1, max-image-preview:large, max-video-preview:-1\" \/>\n<link rel=\"canonical\" href=\"https:\/\/supercamp.ca\/fr\/cit\/\" \/>\n<meta property=\"og:locale\" content=\"fr_FR\" \/>\n<meta property=\"og:type\" content=\"article\" \/>\n<meta property=\"og:title\" content=\"Programme d&#039;aspirant-moniteur \/ PAM \/ CIT Program\" \/>\n<meta property=\"og:description\" content=\"[vc_row][vc_column][vc_single_image image=\u00a0\u00bb337&Prime; img_size=\u00a0\u00bbfull\u00a0\u00bb][vc_column_text] Inscriptions en lignepropuls\u00e9 par Amilia.com [\/vc_column_text][\/vc_column][\/vc_row][vc_row][vc_column][vc_column_text] Programme Aspirant-Moniteur (PAM) 13-14 ans Notre programme de formation de conseillers est destin\u00e9 aux jeunes de 13 \u00e0 14 ans. Le programme CIT assure la transition entre les enfants et les campeurs, d&rsquo;une part, et les jeunes adolescents et les membres du personnel, d&rsquo;autre part. &nbsp; [...]\" \/>\n<meta property=\"og:url\" content=\"https:\/\/supercamp.ca\/fr\/cit\/\" \/>\n<meta property=\"og:site_name\" content=\"Supercamp\" \/>\n<meta property=\"article:modified_time\" content=\"2024-07-22T15:17:18+00:00\" \/>\n<meta property=\"og:image\" content=\"https:\/\/supercamp.ca\/wp-content\/uploads\/2016\/02\/supercamp-leadership.jpg\" \/>\n\t<meta property=\"og:image:width\" content=\"800\" \/>\n\t<meta property=\"og:image:height\" content=\"534\" \/>\n<meta name=\"twitter:card\" content=\"summary\" \/>\n<meta name=\"twitter:label1\" content=\"\u00c9crit par\">\n\t<meta name=\"twitter:data1\" content=\"Supercamp Editor\">\n\t<meta name=\"twitter:label2\" content=\"Dur\u00e9e de lecture est.\">\n\t<meta name=\"twitter:data2\" content=\"1 minute\">\n<script type=\"application\/ld+json\" class=\"yoast-schema-graph\">{\"@context\":\"https:\/\/schema.org\",\"@graph\":[{\"@type\":\"WebSite\",\"@id\":\"https:\/\/supercamp.ca\/#website\",\"url\":\"https:\/\/supercamp.ca\/\",\"name\":\"Supercamp\",\"description\":\"\",\"potentialAction\":[{\"@type\":\"SearchAction\",\"target\":\"https:\/\/supercamp.ca\/?s={search_term_string}\",\"query-input\":\"required name=search_term_string\"}],\"inLanguage\":\"fr-FR\"},{\"@type\":\"ImageObject\",\"@id\":\"https:\/\/supercamp.ca\/fr\/cit\/#primaryimage\",\"inLanguage\":\"fr-FR\",\"url\":\"https:\/\/supercamp.ca\/wp-content\/uploads\/2016\/02\/supercamp-leadership.jpg\",\"width\":800,\"height\":534,\"caption\":\"Supercamp leadership\"},{\"@type\":\"WebPage\",\"@id\":\"https:\/\/supercamp.ca\/fr\/cit\/#webpage\",\"url\":\"https:\/\/supercamp.ca\/fr\/cit\/\",\"name\":\"Programme d'aspirant-moniteur \/ PAM \/ CIT Program\",\"isPartOf\":{\"@id\":\"https:\/\/supercamp.ca\/#website\"},\"primaryImageOfPage\":{\"@id\":\"https:\/\/supercamp.ca\/fr\/cit\/#primaryimage\"},\"datePublished\":\"2016-02-25T14:11:40+00:00\",\"dateModified\":\"2024-07-22T15:17:18+00:00\",\"inLanguage\":\"fr-FR\",\"potentialAction\":[{\"@type\":\"ReadAction\",\"target\":[\"https:\/\/supercamp.ca\/fr\/cit\/\"]}]}]}<\/script>\n<!-- \/ Yoast SEO plugin. -->","_links":{"self":[{"href":"https:\/\/supercamp.ca\/fr\/wp-json\/wp\/v2\/pages\/146\/"}],"collection":[{"href":"https:\/\/supercamp.ca\/fr\/wp-json\/wp\/v2\/pages\/"}],"about":[{"href":"https:\/\/supercamp.ca\/fr\/wp-json\/wp\/v2\/types\/page\/"}],"author":[{"embeddable":true,"href":"https:\/\/supercamp.ca\/fr\/wp-json\/wp\/v2\/users\/2\/"}],"replies":[{"embeddable":true,"href":"https:\/\/supercamp.ca\/fr\/wp-json\/wp\/v2\/comments\/?post=146"}],"version-history":[{"count":68,"href":"https:\/\/supercamp.ca\/fr\/wp-json\/wp\/v2\/pages\/146\/revisions\/"}],"predecessor-version":[{"id":3439,"href":"https:\/\/supercamp.ca\/fr\/wp-json\/wp\/v2\/pages\/146\/revisions\/3439\/"}],"wp:featuredmedia":[{"embeddable":true,"href":"https:\/\/supercamp.ca\/fr\/wp-json\/wp\/v2\/media\/337\/"}],"wp:attachment":[{"href":"https:\/\/supercamp.ca\/fr\/wp-json\/wp\/v2\/media\/?parent=146"}],"curies":[{"name":"wp","href":"https:\/\/api.w.org\/{rel}","templated":true}]}}