{"id":143,"date":"2016-02-25T14:01:53","date_gmt":"2016-02-25T14:01:53","guid":{"rendered":"https:\/\/supercamp.ca\/fr\/highlight-programs\/"},"modified":"2024-01-15T10:37:40","modified_gmt":"2024-01-15T15:37:40","slug":"programmes-sportifs","status":"publish","type":"page","link":"https:\/\/supercamp.ca\/fr\/programmes-sportifs\/","title":{"rendered":"Programmes sportifs"},"content":{"rendered":"<p>[vc_row][vc_column][vc_single_image image=\u00a0\u00bb324&Prime; img_size=\u00a0\u00bbfull\u00a0\u00bb][vc_column_text]<\/p>\n<div style=\"width: 175px;\"><a style=\"color: #ffffff; background: #46aaf8 url('https:\/\/app.amilia.com\/buttons\/lock.png') no-repeat 10px 10px; border-radius: 2px; font: bold 13px\/16px arial; text-indent: 0; height: 40px; width: 175px; text-decoration: none; position: relative; display: table; *display: inline-block;\" href=\"https:\/\/www.amilia.com\/store\/en\/supercamp-vanier\/shop\/programs\" target=\"_blank\" rel=\"noopener noreferrer\"><span style=\"display: table-cell; *position: absolute; *top: 50%; vertical-align: middle; *width: 175px;\"><span style=\"display: block; *position: relative; *top: -50%; padding-left: 45px;\">Inscriptions en ligne<\/span><\/span><\/a><span style=\"display: block; text-align: right; padding: 2px 4px 0 0; color: #696969; font: 11px\/15px arial;\">propuls\u00e9 par <a style=\"color: #696969;\" href=\"https:\/\/www.amilia.com\/fr\" target=\"_blank\" rel=\"noopener noreferrer\">Amilia.com<\/a><\/span><\/div>\n<h4><\/h4>\n<h4><strong>Les programmes sportifs:<\/strong><\/h4>\n<ul>\n<li>Multisport<\/li>\n<li>Soccer<\/li>\n<li>Flag Football<\/li>\n<li>Basketball<\/li>\n<li>Cheerleading;<\/li>\n<li>Gymnastique<\/li>\n<li>Natation<\/li>\n<\/ul>\n<p>Le reste de la journ\u00e9e, les campeurs pourront faire l&rsquo;exp\u00e9rience de toutes les autres activit\u00e9s que Supercamp offre. Ils pourront aussi faire l&rsquo;essaie d&rsquo;activit\u00e9s artistiques, scientifiques et de jeux. Par exemple, jouer d&rsquo;un instrument de musique ou faire un projet d&rsquo;arts plastiques dans les salles d&rsquo;art du coll\u00e8ge!<\/p>\n<p>&nbsp;<\/p>\n<hr \/>\n<div class=\"wpb_text_column wpb_content_element \">\n<div class=\"wpb_wrapper\">\n<p><strong>Journ\u00e9e typique pour les programmes sportifs\u00a0:<\/strong><\/p>\n<table style=\"height: 347px;\" width=\"295\">\n<tbody>\n<tr>\n<td style=\"text-align: center;\"><strong>Heure<\/strong><\/td>\n<td style=\"text-align: center;\"><strong>Activit\u00e9<\/strong><\/td>\n<\/tr>\n<tr>\n<td><strong>7h00 \u00e0 8h45<\/strong><\/td>\n<td>Service de garde<\/td>\n<\/tr>\n<tr>\n<td><strong>8h45 \u00e0 9h15<\/strong><\/td>\n<td>Arriv\u00e9e<\/td>\n<\/tr>\n<tr>\n<td><strong>9h15 \u00e0 10h00<\/strong><\/td>\n<td>Sp\u00e9cialit\u00e9<\/td>\n<\/tr>\n<tr>\n<td><strong>10h05 \u00e0 10h55<\/strong><\/td>\n<td>Activit\u00e9 g\u00e9n\u00e9rale<\/td>\n<\/tr>\n<tr>\n<td><strong>11h00 \u00e0 11h50<\/strong><\/td>\n<td>Activit\u00e9 g\u00e9n\u00e9rale<\/td>\n<\/tr>\n<tr>\n<td><strong>11h55 \u00e0 12h40<\/strong><\/td>\n<td>D\u00eener<\/td>\n<\/tr>\n<tr>\n<td><strong>12h45 \u00e0 13h35<\/strong><\/td>\n<td>Sp\u00e9cialit\u00e9<\/td>\n<\/tr>\n<tr>\n<td><strong>13h40 \u00e0 14h30<\/strong><\/td>\n<td>Activit\u00e9 g\u00e9n\u00e9rale<\/td>\n<\/tr>\n<tr>\n<td><strong>14h35 \u00e0 15h25<\/strong><\/td>\n<td>Activit\u00e9 g\u00e9n\u00e9rale<\/td>\n<\/tr>\n<tr>\n<td><strong>15h30 \u00e0 16h00<\/strong><\/td>\n<td>D\u00e9part<\/td>\n<\/tr>\n<tr>\n<td><strong>16h15 \u00e0 18h00<\/strong><\/td>\n<td>Service de garde<\/td>\n<\/tr>\n<\/tbody>\n<\/table>\n<\/div>\n<\/div>\n<p>&nbsp;<\/p>\n<p>Pour de plus amples\u00a0informations sur les autres programmes offerts visitez\u00a0\u00a0<a href=\"https:\/\/supercamp.ca\/fr\/programme-multi\/\">\u00a0Programme Multi\u00a0<\/a>\u00a0et <a href=\"https:\/\/supercamp.ca\/fr\/programmes-arts-et-sciences\/\">Programmes arts et sciences\u00a0<\/a>.[\/vc_column_text][\/vc_column][\/vc_row][vc_row][vc_column][vc_column_text]<\/p>\n","protected":false},"excerpt":{"rendered":"<p>[vc_row][vc_column][vc_single_image image=\u00a0\u00bb324&Prime; img_size=\u00a0\u00bbfull\u00a0\u00bb][vc_column_text] Inscriptions en lignepropuls\u00e9 par Amilia.com Les programmes sportifs: Multisport Soccer Flag Football Basketball Cheerleading; Gymnastique Natation Le reste de la journ\u00e9e, les campeurs pourront faire l&rsquo;exp\u00e9rience de toutes les autres activit\u00e9s que Supercamp offre. Ils pourront aussi faire l&rsquo;essaie d&rsquo;activit\u00e9s artistiques, scientifiques et de jeux. Par exemple, jouer d&rsquo;un instrument de musique [&#8230;]<\/p>\n","protected":false},"author":2,"featured_media":324,"parent":0,"menu_order":0,"comment_status":"closed","ping_status":"closed","template":"","meta":[],"yoast_head":"<!-- This site is optimized with the Yoast SEO plugin v15.3 - https:\/\/yoast.com\/wordpress\/plugins\/seo\/ -->\n<title>Programmes sportifs - Les petits cheetahs - Supercamp<\/title>\n<meta name=\"description\" content=\"Ces programmes sportifs permettront aux campeurs de b\u00e2tir sur leurs comp\u00e9tences et de d\u00e9velopper leurs aptitudes dans le sport de leur choix!\" \/>\n<meta name=\"robots\" content=\"index, follow, max-snippet:-1, max-image-preview:large, max-video-preview:-1\" \/>\n<link rel=\"canonical\" href=\"https:\/\/supercamp.ca\/fr\/programmes-sportifs\/\" \/>\n<meta property=\"og:locale\" content=\"fr_FR\" \/>\n<meta property=\"og:type\" content=\"article\" \/>\n<meta property=\"og:title\" content=\"Programmes sportifs - Les petits cheetahs - Supercamp\" \/>\n<meta property=\"og:description\" content=\"Ces programmes sportifs permettront aux campeurs de b\u00e2tir sur leurs comp\u00e9tences et de d\u00e9velopper leurs aptitudes dans le sport de leur choix!\" \/>\n<meta property=\"og:url\" content=\"https:\/\/supercamp.ca\/fr\/programmes-sportifs\/\" \/>\n<meta property=\"og:site_name\" content=\"Supercamp\" \/>\n<meta property=\"article:modified_time\" content=\"2024-01-15T15:37:40+00:00\" \/>\n<meta property=\"og:image\" content=\"https:\/\/supercamp.ca\/wp-content\/uploads\/2016\/02\/supercamp-specialized-program.jpg\" \/>\n\t<meta property=\"og:image:width\" content=\"800\" \/>\n\t<meta property=\"og:image:height\" content=\"534\" \/>\n<meta name=\"twitter:card\" content=\"summary\" \/>\n<meta name=\"twitter:label1\" content=\"\u00c9crit par\">\n\t<meta name=\"twitter:data1\" content=\"Supercamp Editor\">\n\t<meta name=\"twitter:label2\" content=\"Dur\u00e9e de lecture est.\">\n\t<meta name=\"twitter:data2\" content=\"1 minute\">\n<script type=\"application\/ld+json\" class=\"yoast-schema-graph\">{\"@context\":\"https:\/\/schema.org\",\"@graph\":[{\"@type\":\"WebSite\",\"@id\":\"https:\/\/supercamp.ca\/#website\",\"url\":\"https:\/\/supercamp.ca\/\",\"name\":\"Supercamp\",\"description\":\"\",\"potentialAction\":[{\"@type\":\"SearchAction\",\"target\":\"https:\/\/supercamp.ca\/?s={search_term_string}\",\"query-input\":\"required name=search_term_string\"}],\"inLanguage\":\"fr-FR\"},{\"@type\":\"ImageObject\",\"@id\":\"https:\/\/supercamp.ca\/fr\/programmes-sportifs\/#primaryimage\",\"inLanguage\":\"fr-FR\",\"url\":\"https:\/\/supercamp.ca\/wp-content\/uploads\/2016\/02\/supercamp-specialized-program.jpg\",\"width\":800,\"height\":534,\"caption\":\"Supercamp specialized sports programs programmes sportifs\"},{\"@type\":\"WebPage\",\"@id\":\"https:\/\/supercamp.ca\/fr\/programmes-sportifs\/#webpage\",\"url\":\"https:\/\/supercamp.ca\/fr\/programmes-sportifs\/\",\"name\":\"Programmes sportifs - Les petits cheetahs - Supercamp\",\"isPartOf\":{\"@id\":\"https:\/\/supercamp.ca\/#website\"},\"primaryImageOfPage\":{\"@id\":\"https:\/\/supercamp.ca\/fr\/programmes-sportifs\/#primaryimage\"},\"datePublished\":\"2016-02-25T14:01:53+00:00\",\"dateModified\":\"2024-01-15T15:37:40+00:00\",\"description\":\"Ces programmes sportifs permettront aux campeurs de b\\u00e2tir sur leurs comp\\u00e9tences et de d\\u00e9velopper leurs aptitudes dans le sport de leur choix!\",\"inLanguage\":\"fr-FR\",\"potentialAction\":[{\"@type\":\"ReadAction\",\"target\":[\"https:\/\/supercamp.ca\/fr\/programmes-sportifs\/\"]}]}]}<\/script>\n<!-- \/ Yoast SEO plugin. -->","_links":{"self":[{"href":"https:\/\/supercamp.ca\/fr\/wp-json\/wp\/v2\/pages\/143\/"}],"collection":[{"href":"https:\/\/supercamp.ca\/fr\/wp-json\/wp\/v2\/pages\/"}],"about":[{"href":"https:\/\/supercamp.ca\/fr\/wp-json\/wp\/v2\/types\/page\/"}],"author":[{"embeddable":true,"href":"https:\/\/supercamp.ca\/fr\/wp-json\/wp\/v2\/users\/2\/"}],"replies":[{"embeddable":true,"href":"https:\/\/supercamp.ca\/fr\/wp-json\/wp\/v2\/comments\/?post=143"}],"version-history":[{"count":66,"href":"https:\/\/supercamp.ca\/fr\/wp-json\/wp\/v2\/pages\/143\/revisions\/"}],"predecessor-version":[{"id":3358,"href":"https:\/\/supercamp.ca\/fr\/wp-json\/wp\/v2\/pages\/143\/revisions\/3358\/"}],"wp:featuredmedia":[{"embeddable":true,"href":"https:\/\/supercamp.ca\/fr\/wp-json\/wp\/v2\/media\/324\/"}],"wp:attachment":[{"href":"https:\/\/supercamp.ca\/fr\/wp-json\/wp\/v2\/media\/?parent=143"}],"curies":[{"name":"wp","href":"https:\/\/api.w.org\/{rel}","templated":true}]}}