{"id":140,"date":"2016-02-25T13:53:15","date_gmt":"2016-02-25T13:53:15","guid":{"rendered":"https:\/\/supercamp.ca\/fr\/core-program\/"},"modified":"2023-04-10T15:35:41","modified_gmt":"2023-04-10T19:35:41","slug":"programme-multi","status":"publish","type":"page","link":"https:\/\/supercamp.ca\/fr\/programme-multi\/","title":{"rendered":"Programme SuperEnfant"},"content":{"rendered":"<p>[vc_row][vc_column][vc_single_image image=\u00a0\u00bb317&Prime; img_size=\u00a0\u00bbfull\u00a0\u00bb][vc_column_text]<\/p>\n<div style=\"width: 175px;\"><a style=\"color: #ffffff; background: #46aaf8 url('https:\/\/app.amilia.com\/buttons\/lock.png') no-repeat 10px 10px; border-radius: 2px; font: bold 13px\/16px arial; text-indent: 0; height: 40px; width: 150px; text-decoration: none; position: relative; display: table; *display: inline-block;\" href=\"https:\/\/www.amilia.com\/store\/en\/supercamp-vanier\/shop\/programs\" target=\"_blank\" rel=\"noopener noreferrer\"><span style=\"display: table-cell; *position: absolute; *top: 50%; vertical-align: middle; *width: 175px;\"><span style=\"display: block; *position: relative; *top: -50%; padding-left: 45px;\">Inscriptions<\/span><\/span><\/a><span style=\"display: block; text-align: right; padding: 2px 4px 0 0; color: #696969; font: 11px\/15px arial;\">powered by <a style=\"color: #696969;\" href=\"https:\/\/www.amilia.com\/en\" target=\"_blank\" rel=\"noopener noreferrer\">Amilia.com<\/a><\/span><\/div>\n<div>\n<h2 style=\"display: inline;\">Programme SuperEnfant<\/h2>\n<h4 style=\"display: inline;\">(Pr\u00e9c\u00e9demment connu sous le nom de Programme Multi)<\/h4>\n<\/div>\n<hr \/>\n<p>D\u00e9couvrez tout ce que Supercamp a \u00e0 offrir ! Avec ton groupe, tu participeras \u00e0 autant d&rsquo;activit\u00e9s diff\u00e9rentes que tu pourras le faire en une semaine. Ce programme offre la plus grande vari\u00e9t\u00e9 de tous nos programmes, y compris les sports, les arts plastiques, la natation, et des \u00e9v\u00e9nements sp\u00e9ciaux organis\u00e9s par notre \u00e9quipe de gestion. Tous les groupes ont un minimum de deux heures de piscine par semaine et passent leur journ\u00e9e partag\u00e9e entre des activit\u00e9s ext\u00e9rieures et int\u00e9rieures.<\/p>\n<p>Si tu cherches un programme qui fait un peu de tout, celui-ci est fait pour toi!<\/p>\n<hr \/>\n<p>[\/vc_column_text][vc_column_text]<strong>Exemple d\u2019une journ\u00e9e typique du programme SuperEnfant:<\/strong><\/p>\n<div class=\"wpb_text_column wpb_content_element \">\n<div class=\"wpb_wrapper\">\n<table style=\"height: 347px;\" width=\"295\">\n<tbody>\n<tr>\n<td style=\"text-align: center;\"><strong>Heure<\/strong><\/td>\n<td style=\"text-align: center;\"><strong>Activit\u00e9<\/strong><\/td>\n<\/tr>\n<tr>\n<td><strong>7h00 \u00e0 8h45<\/strong><\/td>\n<td><a href=\"https:\/\/supercamp.ca\/fr\/aftercampactivities\/\" target=\"_blank\" rel=\"noopener noreferrer\">Service de garde*<\/a><\/td>\n<\/tr>\n<tr>\n<td><strong>8h45 \u00e0 9h15<\/strong><\/td>\n<td>Arriv\u00e9e<\/td>\n<\/tr>\n<tr>\n<td><strong>9h15 \u00e0 10h00<\/strong><\/td>\n<td>Sp\u00e9cialit\u00e9<\/td>\n<\/tr>\n<tr>\n<td><strong>10h05 \u00e0 10h55<\/strong><\/td>\n<td>Activit\u00e9 g\u00e9n\u00e9rale<\/td>\n<\/tr>\n<tr>\n<td><strong>11h00 \u00e0 11h50<\/strong><\/td>\n<td>Activit\u00e9 g\u00e9n\u00e9rale<\/td>\n<\/tr>\n<tr>\n<td><strong>11h55 \u00e0 12h40<\/strong><\/td>\n<td>D\u00eener<\/td>\n<\/tr>\n<tr>\n<td><strong>12h45 \u00e0 13h35<\/strong><\/td>\n<td>Sp\u00e9cialit\u00e9<\/td>\n<\/tr>\n<tr>\n<td><strong>13h40 \u00e0 14h30<\/strong><\/td>\n<td>Activit\u00e9 g\u00e9n\u00e9rale<\/td>\n<\/tr>\n<tr>\n<td><strong>14h35 \u00e0 15h25<\/strong><\/td>\n<td>Activit\u00e9 g\u00e9n\u00e9rale<\/td>\n<\/tr>\n<tr>\n<td><strong>15h45 \u00e0 16h15<\/strong><\/td>\n<td>D\u00e9part<\/td>\n<\/tr>\n<tr>\n<td><strong>16h15 \u00e0 18h00<\/strong><\/td>\n<td><a href=\"https:\/\/supercamp.ca\/fr\/aftercampactivities\/\" target=\"_blank\" rel=\"noopener noreferrer\">Service de garde*<\/a><\/td>\n<\/tr>\n<\/tbody>\n<\/table>\n<\/div>\n<\/div>\n<div class=\"clearfix\" style=\"height: 0px;\"><\/div>\n<p>[\/vc_column_text][\/vc_column][\/vc_row][vc_row][vc_column][\/vc_column][\/vc_row]<\/p>\n","protected":false},"excerpt":{"rendered":"<p>[vc_row][vc_column][vc_single_image image=\u00a0\u00bb317&Prime; img_size=\u00a0\u00bbfull\u00a0\u00bb][vc_column_text] Inscriptionspowered by Amilia.com Programme SuperEnfant (Pr\u00e9c\u00e9demment connu sous le nom de Programme Multi) D\u00e9couvrez tout ce que Supercamp a \u00e0 offrir ! Avec ton groupe, tu participeras \u00e0 autant d&rsquo;activit\u00e9s diff\u00e9rentes que tu pourras le faire en une semaine. Ce programme offre la plus grande vari\u00e9t\u00e9 de tous nos programmes, y compris [&#8230;]<\/p>\n","protected":false},"author":2,"featured_media":2075,"parent":0,"menu_order":0,"comment_status":"closed","ping_status":"closed","template":"","meta":[],"yoast_head":"<!-- This site is optimized with the Yoast SEO plugin v15.3 - https:\/\/yoast.com\/wordpress\/plugins\/seo\/ -->\n<title>Programme Multi- Supercamp @ Coll\u00e8ge Vanier camp de jour<\/title>\n<meta name=\"description\" content=\"Le programme Multi, c&#039;est une multitude d&#039;activit\u00e9s artistiques, \u00e9ducatives et sportives, en plus de la piscine!\" \/>\n<meta name=\"robots\" content=\"index, follow, max-snippet:-1, max-image-preview:large, max-video-preview:-1\" \/>\n<link rel=\"canonical\" href=\"https:\/\/supercamp.ca\/fr\/programme-multi\/\" \/>\n<meta property=\"og:locale\" content=\"fr_FR\" \/>\n<meta property=\"og:type\" content=\"article\" \/>\n<meta property=\"og:title\" content=\"Programme Multi- Supercamp @ Coll\u00e8ge Vanier camp de jour\" \/>\n<meta property=\"og:description\" content=\"Le programme Multi, c&#039;est une multitude d&#039;activit\u00e9s artistiques, \u00e9ducatives et sportives, en plus de la piscine!\" \/>\n<meta property=\"og:url\" content=\"https:\/\/supercamp.ca\/fr\/programme-multi\/\" \/>\n<meta property=\"og:site_name\" content=\"Supercamp\" \/>\n<meta property=\"article:modified_time\" content=\"2023-04-10T19:35:41+00:00\" \/>\n<meta property=\"og:image\" content=\"https:\/\/supercamp.ca\/wp-content\/uploads\/2019\/03\/supercamp-2019.jpg\" \/>\n\t<meta property=\"og:image:width\" content=\"1200\" \/>\n\t<meta property=\"og:image:height\" content=\"630\" \/>\n<meta name=\"twitter:card\" content=\"summary\" \/>\n<meta name=\"twitter:label1\" content=\"\u00c9crit par\">\n\t<meta name=\"twitter:data1\" content=\"Supercamp Editor\">\n\t<meta name=\"twitter:label2\" content=\"Dur\u00e9e de lecture est.\">\n\t<meta name=\"twitter:data2\" content=\"1 minute\">\n<script type=\"application\/ld+json\" class=\"yoast-schema-graph\">{\"@context\":\"https:\/\/schema.org\",\"@graph\":[{\"@type\":\"WebSite\",\"@id\":\"https:\/\/supercamp.ca\/#website\",\"url\":\"https:\/\/supercamp.ca\/\",\"name\":\"Supercamp\",\"description\":\"\",\"potentialAction\":[{\"@type\":\"SearchAction\",\"target\":\"https:\/\/supercamp.ca\/?s={search_term_string}\",\"query-input\":\"required name=search_term_string\"}],\"inLanguage\":\"fr-FR\"},{\"@type\":\"ImageObject\",\"@id\":\"https:\/\/supercamp.ca\/fr\/programme-multi\/#primaryimage\",\"inLanguage\":\"fr-FR\",\"url\":\"https:\/\/supercamp.ca\/wp-content\/uploads\/2019\/03\/supercamp-2019.jpg\",\"width\":1200,\"height\":630,\"caption\":\"Contact the Supercamp for more information! You can reach us by phone, email, Facebook messaging or even Instagram if you are a current client!\"},{\"@type\":\"WebPage\",\"@id\":\"https:\/\/supercamp.ca\/fr\/programme-multi\/#webpage\",\"url\":\"https:\/\/supercamp.ca\/fr\/programme-multi\/\",\"name\":\"Programme Multi- Supercamp @ Coll\\u00e8ge Vanier camp de jour\",\"isPartOf\":{\"@id\":\"https:\/\/supercamp.ca\/#website\"},\"primaryImageOfPage\":{\"@id\":\"https:\/\/supercamp.ca\/fr\/programme-multi\/#primaryimage\"},\"datePublished\":\"2016-02-25T13:53:15+00:00\",\"dateModified\":\"2023-04-10T19:35:41+00:00\",\"description\":\"Le programme Multi, c'est une multitude d'activit\\u00e9s artistiques, \\u00e9ducatives et sportives, en plus de la piscine!\",\"inLanguage\":\"fr-FR\",\"potentialAction\":[{\"@type\":\"ReadAction\",\"target\":[\"https:\/\/supercamp.ca\/fr\/programme-multi\/\"]}]}]}<\/script>\n<!-- \/ Yoast SEO plugin. -->","_links":{"self":[{"href":"https:\/\/supercamp.ca\/fr\/wp-json\/wp\/v2\/pages\/140\/"}],"collection":[{"href":"https:\/\/supercamp.ca\/fr\/wp-json\/wp\/v2\/pages\/"}],"about":[{"href":"https:\/\/supercamp.ca\/fr\/wp-json\/wp\/v2\/types\/page\/"}],"author":[{"embeddable":true,"href":"https:\/\/supercamp.ca\/fr\/wp-json\/wp\/v2\/users\/2\/"}],"replies":[{"embeddable":true,"href":"https:\/\/supercamp.ca\/fr\/wp-json\/wp\/v2\/comments\/?post=140"}],"version-history":[{"count":69,"href":"https:\/\/supercamp.ca\/fr\/wp-json\/wp\/v2\/pages\/140\/revisions\/"}],"predecessor-version":[{"id":3135,"href":"https:\/\/supercamp.ca\/fr\/wp-json\/wp\/v2\/pages\/140\/revisions\/3135\/"}],"wp:featuredmedia":[{"embeddable":true,"href":"https:\/\/supercamp.ca\/fr\/wp-json\/wp\/v2\/media\/2075\/"}],"wp:attachment":[{"href":"https:\/\/supercamp.ca\/fr\/wp-json\/wp\/v2\/media\/?parent=140"}],"curies":[{"name":"wp","href":"https:\/\/api.w.org\/{rel}","templated":true}]}}