{"id":101,"date":"2016-02-25T06:02:24","date_gmt":"2016-02-25T06:02:24","guid":{"rendered":"https:\/\/supercamp.ca\/contact-us\/?lang=fr"},"modified":"2024-03-26T12:23:38","modified_gmt":"2024-03-26T16:23:38","slug":"joindre-contact","status":"publish","type":"page","link":"https:\/\/supercamp.ca\/fr\/joindre-contact\/","title":{"rendered":"Nous joindre"},"content":{"rendered":"<p>[vc_row][vc_column][vc_column_text]<\/p>\n<h3>Nous joindre<\/h3>\n<hr \/>\n<p>Notre bureau se trouve au premier \u00e9tage du complexe sportif &#8211; b\u00e2timent G &#8211; au Coll\u00e8ge Vanier, local G127, en face de l\u2019entr\u00e9e principale. \u00c0 l\u2019approche de l\u2019\u00e9t\u00e9, nos heures d\u2019ouverture augmentent afin de r\u00e9pondre \u00e0 toutes vos questions. Assurez-vous de consulter cette page r\u00e9guli\u00e8rement afin de conna\u00eetre toutes nos heures d\u2019ouvertures.<\/p>\n<p>&nbsp;<\/p>\n<h4>Comment nous joindre ?<\/h4>\n<p>Nous travaillons \u00e0 distance et au bureau. Veuillez nous appeler avant de venir en personne au <a href=\"tel:(514) 744-7611\">(514) 744-7611<\/a>.<br \/>\nSi vous avez des questions, vous pouvez toujours nous joindre par <a href=\"mailto:supercamp@vaniercollege.qc.ca\" target=\"_blank\" rel=\"noopener noreferrer\">courriel<\/a> ou par messagerie <a href=\"https:\/\/www.facebook.com\/supercampvaniercollege\/\" target=\"_blank\" rel=\"noopener noreferrer\">Facebook<\/a> et <a href=\"https:\/\/www.instagram.com\/supercampvanier\/\" target=\"_blank\" rel=\"noopener noreferrer\">Instagram<\/a>.<br \/>\nVeuillez noter que ces heures d&rsquo;ouverture sont susceptibles d&rsquo;\u00eatre modifi\u00e9es.<br \/>\nLorsque vous nous rejoignez en ligne, nous vous r\u00e9pondrons dans un d\u00e9lai de 48 heures pendant nos heures d&rsquo;ouverture.<br \/>\nNous vous remercions de votre temps et de votre coop\u00e9ration.<\/p>\n<div class=\"html-div xe8uvvx xdj266r x11i5rnm xat24cr x1mh8g0r xexx8yu x4uap5 x18d9i69 xkhd6sd x1h91t0o xkh2ocl x78zum5 xdt5ytf x13a6bvl xhj03cu\" role=\"presentation\">\n<div class=\"html-div xe8uvvx xdj266r x11i5rnm xat24cr x1mh8g0r xexx8yu x4uap5 x18d9i69 xkhd6sd x1h91t0o xkh2ocl x78zum5 xdt5ytf x13a6bvl x193iq5w x1c4vz4f x1eb86dx\" role=\"presentation\"><\/div>\n<\/div>\n<div class=\"html-div xe8uvvx xdj266r x11i5rnm xat24cr x1mh8g0r xexx8yu x4uap5 x18d9i69 xkhd6sd x1h91t0o xkh2ocl x78zum5 xdt5ytf x13a6bvl x193iq5w x1c4vz4f x1eb86dx\" role=\"presentation\">\n<div class=\"html-div xe8uvvx xdj266r x11i5rnm xat24cr x1mh8g0r xexx8yu x18d9i69 xkhd6sd x78zum5 xdt5ytf x1iyjqo2 x2lah0s xl56j7k x1n2onr6 x1h8dheu x1n327nk x1mpkggp\" aria-hidden=\"true\">\n<div class=\"html-div xe8uvvx xdj266r x11i5rnm xat24cr x1mh8g0r xexx8yu x4uap5 x18d9i69 xkhd6sd x6s0dn4 x78zum5 xzgd20w xl5lk40 x1h8dheu x15zctf7\" role=\"presentation\">\n<div class=\"html-div xe8uvvx xdj266r x11i5rnm xat24cr x1mh8g0r xexx8yu x4uap5 x18d9i69 xkhd6sd x6s0dn4 x78zum5 xzgd20w xl5lk40 x1h8dheu x15zctf7\" role=\"presentation\">\n<div class=\"html-div xe8uvvx xdj266r x11i5rnm xat24cr x1mh8g0r xexx8yu x4uap5 x18d9i69 xkhd6sd\">\n<div class=\"x9f619 x1n2onr6 x1ja2u2z __fb-light-mode\">\n<div class=\"x1i10hfl x1ejq31n xd10rxx x1sy0etr x17r0tee x9f619 x1ypdohk xe8uvvx xdj266r x11i5rnm xat24cr x1mh8g0r x16tdsg8 x1hl2dhg xggy1nq x87ps6o x1lku1pv x1a2a7pz x6s0dn4 x1z11no5 xjy5m1g x1mnwbp6 x4pb5v6 x972fbf xcfux6l x1qhh985 xm0m39n x78zum5 xl56j7k xexx8yu x4uap5 x18d9i69 xkhd6sd x1n2onr6 x1fgtraw xgd8bvy xjbqb8w\" tabindex=\"0\" role=\"button\" aria-expanded=\"false\" aria-haspopup=\"menu\" aria-label=\"React\">\n<div class=\"x1ey2m1c xds687c x17qophe xg01cxk x47corl x10l6tqk x13vifvy x1ebt8du x19991ni x1dhq9h xzolkzo x12go9s9 x1rnf11y xprq8jg\" role=\"none\" data-visualcompletion=\"ignore\"><\/div>\n<\/div>\n<\/div>\n<\/div>\n<\/div>\n<\/div>\n<\/div>\n<\/div>\n<p>[\/vc_column_text][vc_column_text]<\/p>\n<div class=\"wpb_text_column wpb_content_element \" style=\"margin-bottom: -10px;\">\n<div class=\"wpb_wrapper\">\n<h3>Heures d&rsquo;ouverture de notre bureau<\/h3>\n<table>\n<tbody>\n<tr>\n<td><b>Lundi<\/b><\/td>\n<td>10h-18h<\/td>\n<\/tr>\n<tr>\n<td><b>Mardi<\/b><\/td>\n<td>10h-18h<\/td>\n<\/tr>\n<tr>\n<td><strong>Mercredi<\/strong><\/td>\n<td>10h-18h<\/td>\n<\/tr>\n<tr>\n<td><strong>Jeudi<\/strong><\/td>\n<td>10h-18h<\/td>\n<\/tr>\n<tr>\n<td><b>Vendredi<\/b><\/td>\n<td>10h-18h<\/td>\n<\/tr>\n<tr>\n<td><b>Samedi<\/b><\/td>\n<td>Ferm\u00e9<\/td>\n<\/tr>\n<tr>\n<td><strong>Dimanche<\/strong><\/td>\n<td>Ferm\u00e9<\/td>\n<\/tr>\n<\/tbody>\n<\/table>\n<p>&nbsp;<\/p>\n<\/div>\n<\/div>\n<div class=\"clearfix\" style=\"height: 0px;\"><\/div>\n<p>[\/vc_column_text][vc_column_text]Si vous avez des questions, n&rsquo;h\u00e9sitez pas \u00e0 consulter notre <a href=\"https:\/\/supercamp.ca\/fr\/information-aux-parents\/\">page destin\u00e9e aux parents<\/a>!<\/p>\n<hr \/>\n<p><strong>Supercamp @ Vanier College <\/strong><br \/>\nComplexe Sportif, local G127<br \/>\n821, avenue Ste. Croix<br \/>\nSaint Laurent Qu\u00e9bec<br \/>\nH4L 3X9<\/p>\n<p>&nbsp;<\/p>\n<p>Courriel : <a href=\"mailto:supercamp@vaniercollege.qc.ca\">supercamp@vaniercollege.qc.ca<\/a><br \/>\nT\u00e9l\u00e9phone: <a href=\"tel:5147447611\" target=\"_blank\" rel=\"noopener noreferrer\">(514) 744-7611<\/a>\u00a0(nous n&rsquo;avons acc\u00e8s \u00e0 ce num\u00e9ro de t\u00e9l\u00e9phone que lorsque nous travaillons au bureau)<br \/>\nFacebook: <a href=\"https:\/\/www.facebook.com\/supercampvaniercollege\/\">@supercampvaniercollege<\/a><br \/>\nInstagram: <a href=\"https:\/\/www.instagram.com\/supercampvanier\/\">@supercampvanier<\/a>[\/vc_column_text][\/vc_column][\/vc_row][vc_row][vc_column width=\u00a0\u00bb1\/6&Prime;][\/vc_column][vc_column width=\u00a0\u00bb2\/3&Prime;][vc_single_image image=\u00a0\u00bb97&Prime; img_size=\u00a0\u00bbfull\u00a0\u00bb css=\u00a0\u00bb.vc_custom_1706504534749{margin-right: 0px !important;margin-left: 0px !important;}\u00a0\u00bb][\/vc_column][vc_column width=\u00a0\u00bb1\/6&Prime;][\/vc_column][\/vc_row][vc_row][vc_column width=\u00a0\u00bb1\/6&Prime;][\/vc_column][vc_column width=\u00a0\u00bb4\/6&Prime;][vc_raw_html]JTNDaWZyYW1lJTIwc3JjJTNEJTIyaHR0cHMlM0ElMkYlMkZ3d3cuZ29vZ2xlLmNvbSUyRm1hcHMlMkZlbWJlZCUzRnBiJTNEJTIxMW0xOCUyMTFtMTIlMjExbTMlMjExZDI3OTUuNjg5OTk0MjQ4MzgyNCUyMTJkLTczLjY3ODU1ODEyMzM5NzEyJTIxM2Q0NS41MTYzMTg4Mjk5NTkzMjQlMjEybTMlMjExZjAlMjEyZjAlMjEzZjAlMjEzbTIlMjExaTEwMjQlMjEyaTc2OCUyMTRmMTMuMSUyMTNtMyUyMTFtMiUyMTFzMHg0Y2M5MTg0MWEzZmZmODgxJTI1M0EweDgyNjI3OGFjYTk0MjU0YTYlMjEyc1N1cGVyY2FtcCUyNTIwJTI1NDAlMjUyMFZhbmllciUyNTIwQ29sbGVnZSUyMTVlMCUyMTNtMiUyMTFzZW4lMjEyc2NhJTIxNHYxNzA2NTA0MDAyODczJTIxNW0yJTIxMXNlbiUyMTJzY2ElMjIlMjB3aWR0aCUzRCUyMjEwMCUyNSUyMiUyMGhlaWdodCUzRCUyMjQwMCUyMiUyMHN0eWxlJTNEJTIyYm9yZGVyJTNBMCUzQiUyMiUyMGFsbG93ZnVsbHNjcmVlbiUzRCUyMiUyMiUyMGxvYWRpbmclM0QlMjJsYXp5JTIyJTIwcmVmZXJyZXJwb2xpY3klM0QlMjJuby1yZWZlcnJlci13aGVuLWRvd25ncmFkZSUyMiUzRSUzQyUyRmlmcmFtZSUzRQ==[\/vc_raw_html][\/vc_column][vc_column width=\u00a0\u00bb1\/6&Prime;][\/vc_column][\/vc_row]<\/p>\n<div id=\"gtx-trans\" style=\"position: absolute; left: 415px; top: 579.375px;\">\n<div class=\"gtx-trans-icon\"><\/div>\n<\/div>\n","protected":false},"excerpt":{"rendered":"<p>[vc_row][vc_column][vc_column_text] Nous joindre Notre bureau se trouve au premier \u00e9tage du complexe sportif &#8211; b\u00e2timent G &#8211; au Coll\u00e8ge Vanier, local G127, en face de l\u2019entr\u00e9e principale. \u00c0 l\u2019approche de l\u2019\u00e9t\u00e9, nos heures d\u2019ouverture augmentent afin de r\u00e9pondre \u00e0 toutes vos questions. Assurez-vous de consulter cette page r\u00e9guli\u00e8rement afin de conna\u00eetre toutes nos heures d\u2019ouvertures. [&#8230;]<\/p>\n","protected":false},"author":2,"featured_media":2075,"parent":0,"menu_order":0,"comment_status":"closed","ping_status":"closed","template":"","meta":[],"yoast_head":"<!-- This site is optimized with the Yoast SEO plugin v15.3 - https:\/\/yoast.com\/wordpress\/plugins\/seo\/ -->\n<title>Joindre le Supercamp au Coll\u00e8ge Vanier nous contacter<\/title>\n<meta name=\"description\" content=\"Nous joindre : Notre personnel travaille \u00e0 distance d\u00fb \u00e0 l&#039;\u00e9pid\u00e9mie de COVID-19, contez-nous par courriel ou par messagerie Facebook.\" \/>\n<meta name=\"robots\" content=\"index, follow, max-snippet:-1, max-image-preview:large, max-video-preview:-1\" \/>\n<link rel=\"canonical\" href=\"https:\/\/supercamp.ca\/fr\/joindre-contact\/\" \/>\n<meta property=\"og:locale\" content=\"fr_FR\" \/>\n<meta property=\"og:type\" content=\"article\" \/>\n<meta property=\"og:title\" content=\"Joindre le Supercamp au Coll\u00e8ge Vanier nous contacter\" \/>\n<meta property=\"og:description\" content=\"Nous joindre : Notre personnel travaille \u00e0 distance d\u00fb \u00e0 l&#039;\u00e9pid\u00e9mie de COVID-19, contez-nous par courriel ou par messagerie Facebook.\" \/>\n<meta property=\"og:url\" content=\"https:\/\/supercamp.ca\/fr\/joindre-contact\/\" \/>\n<meta property=\"og:site_name\" content=\"Supercamp\" \/>\n<meta property=\"article:modified_time\" content=\"2024-03-26T16:23:38+00:00\" \/>\n<meta property=\"og:image\" content=\"https:\/\/supercamp.ca\/wp-content\/uploads\/2019\/03\/supercamp-2019.jpg\" \/>\n\t<meta property=\"og:image:width\" content=\"1200\" \/>\n\t<meta property=\"og:image:height\" content=\"630\" \/>\n<meta name=\"twitter:card\" content=\"summary\" \/>\n<meta name=\"twitter:label1\" content=\"\u00c9crit par\">\n\t<meta name=\"twitter:data1\" content=\"Supercamp Editor\">\n\t<meta name=\"twitter:label2\" content=\"Dur\u00e9e de lecture est.\">\n\t<meta name=\"twitter:data2\" content=\"2 minutes\">\n<script type=\"application\/ld+json\" class=\"yoast-schema-graph\">{\"@context\":\"https:\/\/schema.org\",\"@graph\":[{\"@type\":\"WebSite\",\"@id\":\"https:\/\/supercamp.ca\/#website\",\"url\":\"https:\/\/supercamp.ca\/\",\"name\":\"Supercamp\",\"description\":\"\",\"potentialAction\":[{\"@type\":\"SearchAction\",\"target\":\"https:\/\/supercamp.ca\/?s={search_term_string}\",\"query-input\":\"required name=search_term_string\"}],\"inLanguage\":\"fr-FR\"},{\"@type\":\"ImageObject\",\"@id\":\"https:\/\/supercamp.ca\/fr\/joindre-contact\/#primaryimage\",\"inLanguage\":\"fr-FR\",\"url\":\"https:\/\/supercamp.ca\/wp-content\/uploads\/2019\/03\/supercamp-2019.jpg\",\"width\":1200,\"height\":630,\"caption\":\"Contact the Supercamp for more information! You can reach us by phone, email, Facebook messaging or even Instagram if you are a current client!\"},{\"@type\":\"WebPage\",\"@id\":\"https:\/\/supercamp.ca\/fr\/joindre-contact\/#webpage\",\"url\":\"https:\/\/supercamp.ca\/fr\/joindre-contact\/\",\"name\":\"Joindre le Supercamp au Coll\\u00e8ge Vanier nous contacter\",\"isPartOf\":{\"@id\":\"https:\/\/supercamp.ca\/#website\"},\"primaryImageOfPage\":{\"@id\":\"https:\/\/supercamp.ca\/fr\/joindre-contact\/#primaryimage\"},\"datePublished\":\"2016-02-25T06:02:24+00:00\",\"dateModified\":\"2024-03-26T16:23:38+00:00\",\"description\":\"Nous joindre : Notre personnel travaille \\u00e0 distance d\\u00fb \\u00e0 l'\\u00e9pid\\u00e9mie de COVID-19, contez-nous par courriel ou par messagerie Facebook.\",\"inLanguage\":\"fr-FR\",\"potentialAction\":[{\"@type\":\"ReadAction\",\"target\":[\"https:\/\/supercamp.ca\/fr\/joindre-contact\/\"]}]}]}<\/script>\n<!-- \/ Yoast SEO plugin. -->","_links":{"self":[{"href":"https:\/\/supercamp.ca\/fr\/wp-json\/wp\/v2\/pages\/101\/"}],"collection":[{"href":"https:\/\/supercamp.ca\/fr\/wp-json\/wp\/v2\/pages\/"}],"about":[{"href":"https:\/\/supercamp.ca\/fr\/wp-json\/wp\/v2\/types\/page\/"}],"author":[{"embeddable":true,"href":"https:\/\/supercamp.ca\/fr\/wp-json\/wp\/v2\/users\/2\/"}],"replies":[{"embeddable":true,"href":"https:\/\/supercamp.ca\/fr\/wp-json\/wp\/v2\/comments\/?post=101"}],"version-history":[{"count":80,"href":"https:\/\/supercamp.ca\/fr\/wp-json\/wp\/v2\/pages\/101\/revisions\/"}],"predecessor-version":[{"id":3424,"href":"https:\/\/supercamp.ca\/fr\/wp-json\/wp\/v2\/pages\/101\/revisions\/3424\/"}],"wp:featuredmedia":[{"embeddable":true,"href":"https:\/\/supercamp.ca\/fr\/wp-json\/wp\/v2\/media\/2075\/"}],"wp:attachment":[{"href":"https:\/\/supercamp.ca\/fr\/wp-json\/wp\/v2\/media\/?parent=101"}],"curies":[{"name":"wp","href":"https:\/\/api.w.org\/{rel}","templated":true}]}}